{"id":11624,"date":"2022-09-02T18:47:44","date_gmt":"2022-09-02T16:47:44","guid":{"rendered":"https:\/\/odisei.presspulp.com\/?page_id=11624"},"modified":"2025-08-11T17:24:30","modified_gmt":"2025-08-11T15:24:30","slug":"unsere-geschichte","status":"publish","type":"page","link":"https:\/\/old.odiseimusic.com\/de\/our-story\/","title":{"rendered":"Unsere Geschichte"},"content":{"rendered":"<div style=\"height:64px\" aria-hidden=\"true\" class=\"wp-block-spacer\"><\/div>\n\n\n\n<p class=\"has-text-align-center has-medium-font-size\"><strong>Odisei Music ist ein junges Unternehmen, das elektronische Blasinstrumente entwickelt und herstellt. Unser Ziel ist es, Musik auf der ganzen Welt zu verbreiten, indem wir Musikern helfen, ihre musikalischen F\u00e4higkeiten schneller und einfacher zu entwickeln Wir sind ein multidisziplin\u00e4res Team mit unterschiedlichen Hintergr\u00fcnden, aber wir haben alle etwas gemeinsam: \"Unsere Liebe und Leidenschaft f\u00fcr Musik\"<\/strong><\/p>\n\n\n\n<div style=\"height:64px\" aria-hidden=\"true\" class=\"wp-block-spacer\"><\/div>\n\n\n\n<figure class=\"wp-block-embed is-type-video is-provider-youtube wp-block-embed-youtube wp-embed-aspect-16-9 wp-has-aspect-ratio\"><div class=\"wp-block-embed__wrapper\">\n<iframe loading=\"lazy\" title=\"Odisei Music - Die wahre Geschichte!\" width=\"500\" height=\"281\" src=\"https:\/\/www.youtube.com\/embed\/ybOfp9IWYvc?feature=oembed\" frameborder=\"0\" allow=\"accelerometer; autoplay; clipboard-write; encrypted-media; gyroscope; picture-in-picture; web-share\" referrerpolicy=\"strict-origin-when-cross-origin\" allowfullscreen><\/iframe>\n<\/div><\/figure>\n\n\n\n<div style=\"height:64px\" aria-hidden=\"true\" class=\"wp-block-spacer\"><\/div>\n\n\n\n<figure class=\"wp-block-pullquote has-medium-font-size\"><blockquote><p><em>\"Es war eine Katastrophe, mein Horn in einer kleinen Wohnung zu \u00fcben. Ich habe meine Kollegen und Nachbarn so sehr genervt, dass ich anfangen musste, drau\u00dfen in den Parks zu \u00fcben. Aber als der Winter kam, war es zu kalt zum \u00dcben, also habe ich verstanden, dass ich etwas entwickeln musste, mit dem ich jederzeit und \u00fcberall \u00fcben konnte.\"<\/em><\/p><cite>Ram\u00f3n Ma\u00f1as<br>CEO von Odiseimusic<\/cite><\/blockquote><\/figure>\n\n\n\n<div class=\"wp-block-columns are-vertically-aligned-center is-layout-flex wp-container-core-columns-is-layout-9d6595d7 wp-block-columns-is-layout-flex\">\n<div class=\"wp-block-column is-vertically-aligned-center is-layout-flow wp-block-column-is-layout-flow\">\n<figure class=\"wp-block-image size-full\"><img decoding=\"async\" src=\"https:\/\/old.odiseimusic.com\/wp-content\/uploads\/2022\/10\/our_story_saxophonist.jpg\" alt=\"\" class=\"wp-image-15430\"\/><\/figure>\n<\/div>\n\n\n\n<div class=\"wp-block-column is-vertically-aligned-center j_padding_xl is-layout-flow wp-block-column-is-layout-flow\">\n<h2 class=\"wp-block-heading has-text-align-center has-large-font-size\">Unser Auftrag<\/h2>\n\n\n\n<div style=\"height:32px\" aria-hidden=\"true\" class=\"wp-block-spacer\"><\/div>\n\n\n\n<p class=\"has-text-align-center has-medium-font-size\">Von da an waren wir besessen davon, das kleinste und leichteste elektronische Saxophon der Welt zu entwickeln, um Saxophonisten zu helfen<strong>&nbsp;<\/strong>leise zu \u00fcben und zu spielen, wann und wo sie wollen, ohne andere zu st\u00f6ren<\/p>\n\n\n\n<div style=\"height:48px\" aria-hidden=\"true\" class=\"wp-block-spacer\"><\/div>\n\n\n\n<div class=\"wp-block-buttons is-content-justification-center is-layout-flex wp-container-core-buttons-is-layout-16018d1d wp-block-buttons-is-layout-flex\">\n<div class=\"wp-block-button\"><a class=\"wp-block-button__link has-background has-medium-font-size has-custom-font-size wp-element-button\" href=\"https:\/\/old.odiseimusic.com\/de\/reisesaxophon\/\" style=\"border-radius:11px;background-color:#05a389\">Lerne den Reisesax kennen<\/a><\/div>\n<\/div>\n<\/div>\n<\/div>\n\n\n\n<div style=\"height:64px\" aria-hidden=\"true\" class=\"wp-block-spacer\"><\/div>\n\n\n\n<h2 class=\"wp-block-heading has-text-align-center\">Meilensteine &amp; Auszeichnungen<\/h2>\n\n\n\n<div class=\"wp-block-columns is-layout-flex wp-container-core-columns-is-layout-9d6595d7 wp-block-columns-is-layout-flex\">\n<div class=\"wp-block-column is-layout-flow wp-block-column-is-layout-flow\" style=\"flex-basis:25%\"><\/div>\n\n\n\n<div class=\"wp-block-column is-layout-flow wp-block-column-is-layout-flow\" style=\"flex-basis:50%\">\n<p class=\"has-text-align-center has-medium-font-size\">In mehr als 3 Jahren harter Arbeit des gesamten Odisei-Musikteams sind dies einige der repr\u00e4sentativsten Erfolge.<\/p>\n<\/div>\n\n\n\n<div class=\"wp-block-column is-layout-flow wp-block-column-is-layout-flow\" style=\"flex-basis:25%\"><\/div>\n<\/div>\n\n\n\n<div style=\"height:48px\" aria-hidden=\"true\" class=\"wp-block-spacer\"><\/div>\n\n\n\n<div class=\"wp-block-columns has-text-color has-link-color wp-elements-3e28b42c55d9cf56be9a0812b259c28f is-layout-flex wp-container-core-columns-is-layout-9d6595d7 wp-block-columns-is-layout-flex\" style=\"color:#eeeded\">\n<div class=\"wp-block-column j_padding_xl is-layout-flow wp-block-column-is-layout-flow\">\n<figure class=\"wp-block-image size-full\"><img loading=\"lazy\" decoding=\"async\" width=\"600\" height=\"180\" src=\"https:\/\/old.odiseimusic.com\/wp-content\/uploads\/2022\/10\/lanzadera_logo.png\" alt=\"\" class=\"wp-image-14808\" srcset=\"https:\/\/old.odiseimusic.com\/wp-content\/uploads\/2022\/10\/lanzadera_logo.png 600w, https:\/\/old.odiseimusic.com\/wp-content\/uploads\/2022\/10\/lanzadera_logo-505x152.png 505w, https:\/\/old.odiseimusic.com\/wp-content\/uploads\/2022\/10\/lanzadera_logo-290x87.png 290w, https:\/\/old.odiseimusic.com\/wp-content\/uploads\/2022\/10\/lanzadera_logo-213x64.png 213w, https:\/\/old.odiseimusic.com\/wp-content\/uploads\/2022\/10\/lanzadera_logo-300x90.png 300w\" sizes=\"auto, (max-width: 600px) 100vw, 600px\" \/><figcaption class=\"wp-element-caption\">Gewinner von Les Arts Pro Startups 2021<\/figcaption><\/figure>\n<\/div>\n\n\n\n<div class=\"wp-block-column j_padding_xl is-layout-flow wp-block-column-is-layout-flow\">\n<figure class=\"wp-block-image size-full\"><img loading=\"lazy\" decoding=\"async\" width=\"600\" height=\"180\" src=\"https:\/\/old.odiseimusic.com\/wp-content\/uploads\/2022\/10\/bime_pro_logo.png\" alt=\"\" class=\"wp-image-14809\" srcset=\"https:\/\/old.odiseimusic.com\/wp-content\/uploads\/2022\/10\/bime_pro_logo.png 600w, https:\/\/old.odiseimusic.com\/wp-content\/uploads\/2022\/10\/bime_pro_logo-505x152.png 505w, https:\/\/old.odiseimusic.com\/wp-content\/uploads\/2022\/10\/bime_pro_logo-290x87.png 290w, https:\/\/old.odiseimusic.com\/wp-content\/uploads\/2022\/10\/bime_pro_logo-213x64.png 213w, https:\/\/old.odiseimusic.com\/wp-content\/uploads\/2022\/10\/bime_pro_logo-300x90.png 300w\" sizes=\"auto, (max-width: 600px) 100vw, 600px\" \/><figcaption class=\"wp-element-caption\">Gewinner von Bime Pro Startups<\/figcaption><\/figure>\n<\/div>\n\n\n\n<div class=\"wp-block-column j_padding_xl is-layout-flow wp-block-column-is-layout-flow\">\n<figure class=\"wp-block-image size-full\"><img loading=\"lazy\" decoding=\"async\" width=\"600\" height=\"180\" src=\"https:\/\/old.odiseimusic.com\/wp-content\/uploads\/2022\/10\/santander_explorer_logo.png\" alt=\"\" class=\"wp-image-14810\" srcset=\"https:\/\/old.odiseimusic.com\/wp-content\/uploads\/2022\/10\/santander_explorer_logo.png 600w, https:\/\/old.odiseimusic.com\/wp-content\/uploads\/2022\/10\/santander_explorer_logo-505x152.png 505w, https:\/\/old.odiseimusic.com\/wp-content\/uploads\/2022\/10\/santander_explorer_logo-290x87.png 290w, https:\/\/old.odiseimusic.com\/wp-content\/uploads\/2022\/10\/santander_explorer_logo-213x64.png 213w, https:\/\/old.odiseimusic.com\/wp-content\/uploads\/2022\/10\/santander_explorer_logo-300x90.png 300w\" sizes=\"auto, (max-width: 600px) 100vw, 600px\" \/><figcaption class=\"wp-element-caption\">Accelerate-Programm von Santander<\/figcaption><\/figure>\n<\/div>\n\n\n\n<div class=\"wp-block-column j_padding_xl is-layout-flow wp-block-column-is-layout-flow\">\n<figure class=\"wp-block-image size-full\"><img loading=\"lazy\" decoding=\"async\" width=\"600\" height=\"180\" src=\"https:\/\/old.odiseimusic.com\/wp-content\/uploads\/2022\/10\/namm_logo.png\" alt=\"\" class=\"wp-image-14811\" srcset=\"https:\/\/old.odiseimusic.com\/wp-content\/uploads\/2022\/10\/namm_logo.png 600w, https:\/\/old.odiseimusic.com\/wp-content\/uploads\/2022\/10\/namm_logo-505x152.png 505w, https:\/\/old.odiseimusic.com\/wp-content\/uploads\/2022\/10\/namm_logo-290x87.png 290w, https:\/\/old.odiseimusic.com\/wp-content\/uploads\/2022\/10\/namm_logo-213x64.png 213w, https:\/\/old.odiseimusic.com\/wp-content\/uploads\/2022\/10\/namm_logo-300x90.png 300w\" sizes=\"auto, (max-width: 600px) 100vw, 600px\" \/><figcaption class=\"wp-element-caption\">Stolze Mitglieder seit 2018<\/figcaption><\/figure>\n<\/div>\n<\/div>\n\n\n\n<p><\/p>","protected":false},"excerpt":{"rendered":"<p>Odisei Music is a young company that designs and manufactures electronic wind instruments. Our goal is to spread music around the world by helping musicians develop their music skills in a faster and easier way&nbsp;We are a multidisciplinary team with different backgrounds but we all have something in common: &#8220;Our love and passion for music&#8221; [&hellip;]<\/p>\n","protected":false},"author":197381732,"featured_media":0,"parent":0,"menu_order":0,"comment_status":"closed","ping_status":"closed","template":"","meta":{"footnotes":""},"page-type":[],"class_list":["post-11624","page","type-page","status-publish","hentry"],"meta_box":{"page_countdown":[],"lp_faq":[],"image_vert":[],"image_hori":[],"h_larg_product_slider":[]},"_links":{"self":[{"href":"https:\/\/old.odiseimusic.com\/de\/wp-json\/wp\/v2\/pages\/11624","targetHints":{"allow":["GET"]}}],"collection":[{"href":"https:\/\/old.odiseimusic.com\/de\/wp-json\/wp\/v2\/pages"}],"about":[{"href":"https:\/\/old.odiseimusic.com\/de\/wp-json\/wp\/v2\/types\/page"}],"author":[{"embeddable":true,"href":"https:\/\/old.odiseimusic.com\/de\/wp-json\/wp\/v2\/users\/197381732"}],"replies":[{"embeddable":true,"href":"https:\/\/old.odiseimusic.com\/de\/wp-json\/wp\/v2\/comments?post=11624"}],"version-history":[{"count":0,"href":"https:\/\/old.odiseimusic.com\/de\/wp-json\/wp\/v2\/pages\/11624\/revisions"}],"wp:attachment":[{"href":"https:\/\/old.odiseimusic.com\/de\/wp-json\/wp\/v2\/media?parent=11624"}],"wp:term":[{"taxonomy":"page-type","embeddable":true,"href":"https:\/\/old.odiseimusic.com\/de\/wp-json\/wp\/v2\/page-type?post=11624"}],"curies":[{"name":"wp","href":"https:\/\/api.w.org\/{rel}","templated":true}]}}