{"id":12791,"date":"2022-09-16T11:24:34","date_gmt":"2022-09-16T09:24:34","guid":{"rendered":"https:\/\/odisei.presspulp.com\/?post_type=product&#038;p=12791"},"modified":"2026-03-28T15:35:52","modified_gmt":"2026-03-28T14:35:52","slug":"anpassungsfahiges-reisesaxophon","status":"publish","type":"product","link":"https:\/\/old.odiseimusic.com\/de\/products\/adaptative-travel-sax\/","title":{"rendered":"Anpassungsf\u00e4hig Travel Sax"},"content":{"rendered":"<h6><b>Was ist im Lieferumfang der Adaptive Travel Sax 2 enthalten?\u00a0<\/b><\/h6>\n<ul>\n<li style=\"font-weight: 400;\" aria-level=\"1\"><span style=\"font-weight: 400;\">Alt-Mundst\u00fcck<\/span><\/li>\n<li style=\"font-weight: 400;\" aria-level=\"1\"><span style=\"font-weight: 400;\">Travel Sax Schutzh\u00fclle<\/span><\/li>\n<li style=\"font-weight: 400;\" aria-level=\"1\"><span style=\"font-weight: 400;\">Zubeh\u00f6rtasche<\/span><\/li>\n<li style=\"font-weight: 400;\" aria-level=\"1\"><span style=\"font-weight: 400;\">Mikrofasertuch<\/span><\/li>\n<\/ul>\n<ul>\n<li style=\"font-weight: 400;\" aria-level=\"1\"><span style=\"font-weight: 400;\">x3 Mundst\u00fcckadapter (Sopran, Tenor, Bariton)<\/span><\/li>\n<li style=\"font-weight: 400;\" aria-level=\"1\"><span style=\"font-weight: 400;\">USB-C Ladekabel<\/span><\/li>\n<li aria-level=\"1\">Pedal und Adapter<\/li>\n<li aria-level=\"1\">Stand<\/li>\n<\/ul>\n<p>&nbsp;<\/p>\n<h6><b>Was ist NICHT im Lieferumfang der Adaptative Travel Sax 2 enthalten?<\/b><\/h6>\n<ul>\n<li style=\"font-weight: 400;\" aria-level=\"1\"><span style=\"font-weight: 400;\">Schalter (<\/span><a href=\"https:\/\/www.logitechg.com\/en-gb\/products\/gamepads\/adaptive-gaming-kit-accessories.943-000339.html\" target=\"_blank\" rel=\"noopener\"><span style=\"font-weight: 400;\">1<\/span><\/a><span style=\"font-weight: 400;\">)<\/span><\/li>\n<li style=\"font-weight: 400;\" aria-level=\"1\"><span style=\"font-weight: 400;\">St\u00e4nde (<\/span><a href=\"https:\/\/www.thomann.de\/es\/manfrotto_035.htm\" target=\"_blank\" rel=\"noopener\"><span style=\"font-weight: 400;\">1<\/span><\/a><span style=\"font-weight: 400;\">,<\/span><a href=\"https:\/\/www.thomann.de\/nl\/manfrotto_196ab_2_single_arm_2_section.htm\" target=\"_blank\" rel=\"noopener\"> <span style=\"font-weight: 400;\">2<\/span><\/a><span style=\"font-weight: 400;\">,<\/span><a href=\"https:\/\/www.thomann.de\/es\/manfrotto_147_adapter_spigot_3_8_1_4.htm\" target=\"_blank\" rel=\"noopener\"> <span style=\"font-weight: 400;\">3<\/span><\/a><span style=\"font-weight: 400;\">)<\/span><\/li>\n<\/ul>\n<p>&nbsp;<\/p>\n<p>&nbsp;<\/p>\n<h6><span style=\"font-weight: 400;\">Dieses Instrument l\u00e4sst sich f\u00fcr jede Art von Di<\/span><span style=\"font-weight: 400;\">oder k\u00f6rperlichen Einschr\u00e4nkungen. Es gibt auch eine spezielle Version f\u00fcr Menschen mit extrem geringer Muskelkraft, die \u00fcber extra leichte Tasten verf\u00fcgt. Mit einem externen (Fu\u00df-)Schalter ist es auch m\u00f6glich, den gesamten Notenbereich des Saxophons einh\u00e4ndig zu spielen, indem man die Tasten neu zuordnet, um eine anpassbare Fingeranordnung f\u00fcr einh\u00e4ndige Spielerinnen und Spieler zu erm\u00f6glichen, sowohl f\u00fcr Links- als auch f\u00fcr Rechtsh\u00e4nder. In der App kannst du noch viele weitere Einstellungen vornehmen, z. B. die Atemempfindlichkeit, damit auch Menschen mit eingeschr\u00e4nkter Atemkraft das Saxophon spielen k\u00f6nnen. Das Saxophon kann auf einem Stativ befestigt werden, sodass es nicht gehalten werden muss.<\/span><\/h6>\n<p>&nbsp;<\/p>\n<h6><span style=\"font-weight: 400;\">Dieses Produkt ist das Ergebnis unseres sozialen Projekts, das von unserer Vision bei Odisei Music unterst\u00fctzt wird: die Musik zu verbreiten und Musiker zu bef\u00e4higen, inklusiv Musik zu lernen und zu schaffen. Dank der Zusammenarbeit mit My Breath My Music konnten wir das erste anpassungsf\u00e4hige Travel Sax f\u00fcr Menschen mit Behinderung entwickeln. Auf der anderen Seite wollen wir noch einen Schritt weiter gehen und spenden jedes Mal, wenn ein adaptives Travel Sax verkauft wird, 100\u00e2'\u00ac an die My Breath My Music Fundation. Mit diesen Spenden m\u00c3\u00b6chten wir dazu beitragen, die Forschung nach neuen Wegen zu f\u00c3\u00b6rdern, die behinderten Menschen helfen, Musik zu machen und zu lernen.<\/span><\/h6>\n<p>&nbsp;<\/p>\n<p>&nbsp;<\/p>\n<p><iframe loading=\"lazy\" title=\"Tatum speelt voor het eerst op de Adapted Travel Sax\" width=\"500\" height=\"281\" src=\"https:\/\/www.youtube.com\/embed\/1NG_zP6I_to?feature=oembed\" frameborder=\"0\" allow=\"accelerometer; autoplay; clipboard-write; encrypted-media; gyroscope; picture-in-picture; web-share\" referrerpolicy=\"strict-origin-when-cross-origin\" allowfullscreen><\/iframe><\/p>\n<h6><b>Zubeh\u00f6rpaket<\/b><\/h6>\n<p><span style=\"font-weight: 400;\">Jedes Zubeh\u00f6rteil kann einzeln oder im Bundle gekauft werden. Das Zubeh\u00f6rpaket enth\u00e4lt: den gebogenen Hals, den Verl\u00e4ngerungshals und das Mundst\u00fcck. Du kannst auch einen zus\u00e4tzlichen Schl\u00fcsselsatz hinzuf\u00fcgen, wenn du dein Travel Sax noch individueller gestalten willst.<\/span><\/p>\n<p>&nbsp;<\/p>\n<h6><a href=\"\/de\/produkte\/zubehorpaket-reise-saxophon-2\/\"><span style=\"font-weight: 400;\">Hol das Paket<\/span><\/a><\/h6>\n<p>&nbsp;<\/p>\n<h6><b>Wie lange dauert die Lieferung?<\/b><\/h6>\n<p><span style=\"font-weight: 400;\">Je nachdem, was wir gerade auf Lager haben, kann die Lieferzeit etwa <\/span><b>4-5 Arbeitstage <\/b><span style=\"font-weight: 400;\">nach dem Kauf deines Travel Sax. Du kannst uns f\u00fcr weitere Informationen kontaktieren.<\/span><\/p>\n<p>&nbsp;<\/p>\n<p>&nbsp;<\/p>\n<h6><span style=\"font-weight: 400;\">Bitte lesen Sie sorgf\u00e4ltig die <\/span><b>Wichtige Details<\/b><span style=\"font-weight: 400;\"> Abschnitt Anweisungen.<\/span><\/h6>\n<p>&nbsp;<\/p>","protected":false},"excerpt":{"rendered":"<p>Das Adaptive Travel Sax 2 ist Teil unseres sozialen Projekts mit <a href=\"https:\/\/mybreathmymusic.com\/en\/adaptive-travel-sax\" target=\"_blank\" rel=\"noopener\">My Breath My Music Foundation<\/a>. Das Ziel dieses Projekts ist es, das Travel Sax so anzupassen, dass jeder, der eine Behinderung hat, mit diesem gro\u00dfartigen Instrument Musik spielen und lernen kann.<\/p>","protected":false},"featured_media":16359,"comment_status":"open","ping_status":"closed","template":"","meta":[],"product_brand":[],"product_cat":[2506,2677],"product_tag":[],"class_list":{"0":"post-12791","1":"product","2":"type-product","3":"status-publish","4":"has-post-thumbnail","6":"product_cat-adaptative-travel-sax","7":"product_cat-odiseimusic-product","9":"first","10":"instock","11":"purchasable","12":"product-type-variable","13":"has-default-attributes"},"meta_box":{"page_countdown":[],"country_restriction":"USA","usa_restriction":{"rest_btn_text":"Buy at Sweetwater","btn_url_rest":"https:\/\/www.sweetwater.com\/store\/detail\/TravelSax2--odisei-music-travel-sax-2-wind-synth-controller?utm_source=odiseimusic&utm_medium=web&utm_campaign=odiseimusic"},"faqs_group":[]},"_links":{"self":[{"href":"https:\/\/old.odiseimusic.com\/de\/wp-json\/wp\/v2\/product\/12791","targetHints":{"allow":["GET"]}}],"collection":[{"href":"https:\/\/old.odiseimusic.com\/de\/wp-json\/wp\/v2\/product"}],"about":[{"href":"https:\/\/old.odiseimusic.com\/de\/wp-json\/wp\/v2\/types\/product"}],"replies":[{"embeddable":true,"href":"https:\/\/old.odiseimusic.com\/de\/wp-json\/wp\/v2\/comments?post=12791"}],"wp:featuredmedia":[{"embeddable":true,"href":"https:\/\/old.odiseimusic.com\/de\/wp-json\/wp\/v2\/media\/16359"}],"wp:attachment":[{"href":"https:\/\/old.odiseimusic.com\/de\/wp-json\/wp\/v2\/media?parent=12791"}],"wp:term":[{"taxonomy":"product_brand","embeddable":true,"href":"https:\/\/old.odiseimusic.com\/de\/wp-json\/wp\/v2\/product_brand?post=12791"},{"taxonomy":"product_cat","embeddable":true,"href":"https:\/\/old.odiseimusic.com\/de\/wp-json\/wp\/v2\/product_cat?post=12791"},{"taxonomy":"product_tag","embeddable":true,"href":"https:\/\/old.odiseimusic.com\/de\/wp-json\/wp\/v2\/product_tag?post=12791"}],"curies":[{"name":"wp","href":"https:\/\/api.w.org\/{rel}","templated":true}]}}