{"id":17887,"date":"2023-03-23T13:33:24","date_gmt":"2023-03-23T12:33:24","guid":{"rendered":"https:\/\/odisei.presspulp.com\/?post_type=product&#038;p=17887"},"modified":"2026-04-11T16:02:27","modified_gmt":"2026-04-11T14:02:27","slug":"usb-adapter-android","status":"publish","type":"product","link":"https:\/\/old.odiseimusic.com\/de\/products\/usb-adapter-android\/","title":{"rendered":"USB-C OTG-Adapter (Android, iOs)"},"content":{"rendered":"<div>\n<h6><strong>Wof\u00fcr ist dieser USB-Adapter gedacht?<\/strong><\/h6>\n<p>Mit dem USC-C OTG Audio Adapter kannst du gleichzeitig Musik h\u00f6ren und aufladen und ganz einfach Musik, Filme, Fotos und PDF-Dokumente von deinem USB-Stick auf dein USB-C-Ger\u00e4t \u00fcbertragen. Er unterst\u00fctzt auch den Anschluss von USB-Peripherieger\u00e4ten wie Hubs, Ethernet-Adaptern, Audio\/MIDI-Schnittstellen und Kartenlesern f\u00fcr Compact Flash, SD, Micro SD und mehr.<\/p>\n<p>Mit dem USB OTG-Adapter f\u00fcr Ger\u00e4te kannst du Audio- und Videodaten von der Kamera auf dein Handy oder Pad \u00fcbertragen. Mit dem USB-OTG-Adapter f\u00fcr Ger\u00e4te kannst du Audios und Videos von USB-Sticks und hochaufl\u00f6senden Digitalkameras auf dein Android-Ger\u00e4t \u00fcbertragen. Mit unserem USB-Adapter kannst du das Travel Sax 2 abspielen und Fotos, Videos und Dateien importieren\/exportieren.<\/p>\n<\/div>\n<h6><strong>Spezifikationen<\/strong><\/h6>\n<ul>\n<li>Unterst\u00fctzt das H\u00f6ren von 3,5-mm-Kopfh\u00f6rern und das gleichzeitige Aufladen.<\/li>\n<li>Unterst\u00fctzt PDquick Charge bis zu 5V\/3A. So kannst du dein Handy schneller aufladen und mehr Zeit sparen.<\/li>\n<li>Der eingebaute intelligente DAC-Chip unterst\u00fctzt Hi-Res (bis zu 24bit\/96khz) und sorgt so f\u00fcr eine hohe Klangqualit\u00e4t, ohne dass es beim Telefonieren zu St\u00f6rungen kommt.<\/li>\n<li>Der eingebaute Smart-HUB-Chip unterst\u00fctzt USB-Ports, 3,5-Ports und Typ-C-Ports gleichzeitig.<\/li>\n<li>Kompatibilit\u00e4t mit den meisten Handys, Pads und Notebooks mit USB-C-Anschl\u00fcssen<\/li>\n<\/ul>\n<p><iframe loading=\"lazy\" title=\"Travel Sax-Zubeh\u00f6r - Welches sollte ich verwenden?\" width=\"500\" height=\"281\" src=\"https:\/\/www.youtube.com\/embed\/e4N3Zt_KFbg?feature=oembed\" frameborder=\"0\" allow=\"accelerometer; autoplay; clipboard-write; encrypted-media; gyroscope; picture-in-picture; web-share\" referrerpolicy=\"strict-origin-when-cross-origin\" allowfullscreen><\/iframe><\/p>\n<div>\n<p>&nbsp;<\/p>\n<p style=\"text-align: left;\"><a class=\"button\" href=\"\/de\/shop\/\">Mehr Zubeh\u00f6r sehen<\/a><\/p>\n<\/div>\n<p>&nbsp;<\/p>\n<div>\n<h6><strong>Zubeh\u00f6rpaket<\/strong><\/h6>\n<p>Jedes Zubeh\u00f6rteil kann einzeln oder im Bundle gekauft werden. Das Zubeh\u00f6rpaket enth\u00e4lt: den gebogenen Hals, den Verl\u00e4ngerungshals und das Mundst\u00fcck. Du kannst auch einen zus\u00e4tzlichen Schl\u00fcsselsatz hinzuf\u00fcgen, wenn du dein Travel Sax noch individueller gestalten willst.<\/p>\n<p style=\"text-align: left;\"><a class=\"button\" href=\"\/de\/produkte\/zubehorpaket-reise-saxophon-2\/\">Hol das Paket<\/a><\/p>\n<\/div>\n<p>&nbsp;<\/p>\n<div>\n<h6><strong>Wie lange dauert die Lieferung?<\/strong><\/h6>\n<p>Je nachdem, was wir gerade auf Lager haben, kann die Lieferzeit etwa <strong>4-5 Arbeitstage <\/strong>nach dem Kauf deines Travel Sax. Du kannst uns f\u00fcr weitere Informationen kontaktieren.<\/p>\n<p>Bitte lesen Sie sorgf\u00e4ltig die <strong>Wichtige Details<\/strong> Abschnitt Anweisungen.<\/p>\n<\/div>","protected":false},"excerpt":{"rendered":"<p>Der USB-C-Adapter verbindet dein Travel Sax 2 mit jedem Android-Ger\u00e4t. Au\u00dferdem kannst du damit den Akku aufladen und deine Kopfh\u00f6rer per Kabel anschlie\u00dfen.<\/p>","protected":false},"featured_media":26154,"comment_status":"open","ping_status":"closed","template":"","meta":[],"product_brand":[],"product_cat":[2414,2677],"product_tag":[],"class_list":{"0":"post-17887","1":"product","2":"type-product","3":"status-publish","4":"has-post-thumbnail","6":"product_cat-accessory","7":"product_cat-odiseimusic-product","9":"first","10":"instock","11":"purchasable","12":"product-type-simple"},"meta_box":{"page_countdown":[],"country_restriction":"No","usa_restriction":{"rest_btn_text":"Buy on Sweetwater","btn_url_rest":"https:\/\/www.sweetwater.com\/store\/manufacturer\/Odisei_Music?utm_source=odiseimusic&utm_medium=web&utm_campaign=odiseimusic"},"faqs_group":[]},"_links":{"self":[{"href":"https:\/\/old.odiseimusic.com\/de\/wp-json\/wp\/v2\/product\/17887","targetHints":{"allow":["GET"]}}],"collection":[{"href":"https:\/\/old.odiseimusic.com\/de\/wp-json\/wp\/v2\/product"}],"about":[{"href":"https:\/\/old.odiseimusic.com\/de\/wp-json\/wp\/v2\/types\/product"}],"replies":[{"embeddable":true,"href":"https:\/\/old.odiseimusic.com\/de\/wp-json\/wp\/v2\/comments?post=17887"}],"wp:featuredmedia":[{"embeddable":true,"href":"https:\/\/old.odiseimusic.com\/de\/wp-json\/wp\/v2\/media\/26154"}],"wp:attachment":[{"href":"https:\/\/old.odiseimusic.com\/de\/wp-json\/wp\/v2\/media?parent=17887"}],"wp:term":[{"taxonomy":"product_brand","embeddable":true,"href":"https:\/\/old.odiseimusic.com\/de\/wp-json\/wp\/v2\/product_brand?post=17887"},{"taxonomy":"product_cat","embeddable":true,"href":"https:\/\/old.odiseimusic.com\/de\/wp-json\/wp\/v2\/product_cat?post=17887"},{"taxonomy":"product_tag","embeddable":true,"href":"https:\/\/old.odiseimusic.com\/de\/wp-json\/wp\/v2\/product_tag?post=17887"}],"curies":[{"name":"wp","href":"https:\/\/api.w.org\/{rel}","templated":true}]}}