{"id":22638,"date":"2024-02-01T12:48:48","date_gmt":"2024-02-01T11:48:48","guid":{"rendered":"https:\/\/odisei.presspulp.com\/?post_type=product&#038;p=22638"},"modified":"2025-11-25T11:35:53","modified_gmt":"2025-11-25T10:35:53","slug":"odisei-musik-kopfhorer-2","status":"publish","type":"product","link":"https:\/\/old.odiseimusic.com\/de\/products\/odisei-music-earphones-2\/","title":{"rendered":"Odisei Musik Kopfh\u00f6rer"},"content":{"rendered":"<p>Die Odisei Music Kopfh\u00f6rer sind die perfekte L\u00f6sung, um dein Instrument in hervorragender Qualit\u00e4t zu h\u00f6ren. Diese Kopfh\u00f6rer liefern eine au\u00dfergew\u00f6hnliche Klangqualit\u00e4t \u00fcber alle Frequenzbereiche und erreichen eine ausgewogene Tonqualit\u00e4t in allen Frequenzen, sowohl in Bezug auf die Spezifikationen als auch durch Ger\u00e4tetests.<\/p>\n<p><span style=\"font-weight: 400\">Es werden drei verschiedene Gr\u00f6\u00dfen von Ohrst\u00f6pseln mitgeliefert, um sich an verschiedene Ohrformen anzupassen. Wir bitten dich daher, dir vor dem Gebrauch etwas Zeit zu nehmen, um die Ohrst\u00f6psel zu finden, die am besten zu deinen Bed\u00fcrfnissen passen.<\/span><\/p>\n<p><span style=\"font-weight: 400\">Dank des ergonomischen Designs empfehlen wir, bei der Verwendung der Ohrh\u00f6rer verschiedene Winkel auszuprobieren, um maximalen Komfort und optimale Abdichtung zu erreichen und so das bestm\u00f6gliche Erlebnis zu gew\u00e4hrleisten.<\/span><\/p>\n<p><span style=\"font-weight: 400\">Wenn du die Ohrh\u00f6rer verwendest, empfehlen wir dir, verlustfreie High-Definition-Audioquellen und Ger\u00e4te in HIFI-Qualit\u00e4t zu verwenden. Andernfalls kann es zu elektrischen St\u00f6rungen in der Audioquelle kommen.<\/span><\/p>\n<p><span style=\"font-weight: 400\">Vor dem regelm\u00e4\u00dfigen Gebrauch empfehlen wir eine Einspielzeit von 10-72 Stunden bei einer Lautst\u00e4rke von 60-70%, was zu einem verbesserten Musikerlebnis f\u00fchrt.<\/span><\/p>\n<p><span style=\"font-weight: 400\">Spezifikationen:<\/span><\/p>\n<ul>\n<li style=\"font-weight: 400\"><span style=\"font-weight: 400\">Klinkentyp: 3,5 mm<\/span><\/li>\n<li style=\"font-weight: 400\"><span style=\"font-weight: 400\">Empfindlichkeit: 107 dB<\/span><\/li>\n<li style=\"font-weight: 400\"><span style=\"font-weight: 400\">Gewicht (H\u00f6rer+Kabel): 9,2g + 13g<\/span><\/li>\n<li style=\"font-weight: 400\"><span style=\"font-weight: 400\">Schallwandler-Typ: Hybrid-In-Ear-Monitore<\/span><\/li>\n<li style=\"font-weight: 400\"><span style=\"font-weight: 400\">Frequenzgang: 20Hz-20.000Hz<\/span><\/li>\n<li style=\"font-weight: 400\"><span style=\"font-weight: 400\">Kabell\u00e4nge: 1,25m +- 5cm<\/span><\/li>\n<li style=\"font-weight: 400\"><span style=\"font-weight: 400\">Steckertyp: 2pin<\/span><\/li>\n<li style=\"font-weight: 400\"><span style=\"font-weight: 400\">Impedanz: 22?<\/span><\/li>\n<\/ul>","protected":false},"excerpt":{"rendered":"<p>Die Odisei Music Kopfh\u00f6rer sind die perfekte L\u00f6sung, um dein Instrument in hervorragender Qualit\u00e4t zu h\u00f6ren. Diese Kopfh\u00f6rer liefern eine au\u00dfergew\u00f6hnliche Klangqualit\u00e4t \u00fcber alle Frequenzbereiche und erreichen eine ausgewogene Tonqualit\u00e4t in allen Frequenzen, sowohl in Bezug auf die Spezifikationen als auch durch Ger\u00e4tetests.<\/p>","protected":false},"featured_media":25833,"comment_status":"open","ping_status":"closed","template":"","meta":[],"product_brand":[],"product_cat":[2414],"product_tag":[2981],"class_list":{"0":"post-22638","1":"product","2":"type-product","3":"status-publish","4":"has-post-thumbnail","6":"product_cat-accessory","7":"product_tag-travel-sax","9":"first","10":"instock","11":"taxable","12":"shipping-taxable","13":"purchasable","14":"product-type-simple"},"meta_box":{"page_countdown":{"activate_countdown":"1","countdowntitle":"Limited Black Friday Offer","count_down_image":"36749","countdownbuttontext":"Save 100\u20ac NOW","count_down_ending_date":"2025-12-02 00:00","count_down_url":"https:\/\/old.odiseimusic.com\/products\/om-bundle-ts-accessory-pack-earphones\/","display_countdown":"1"},"country_restriction":"No","usa_restriction":{"rest_btn_text":"Buy on Sweetwater","btn_url_rest":"https:\/\/www.sweetwater.com\/store\/manufacturer\/Odisei_Music?utm_source=odiseimusic&utm_medium=web&utm_campaign=odiseimusic"},"faqs_group":[]},"_links":{"self":[{"href":"https:\/\/old.odiseimusic.com\/de\/wp-json\/wp\/v2\/product\/22638","targetHints":{"allow":["GET"]}}],"collection":[{"href":"https:\/\/old.odiseimusic.com\/de\/wp-json\/wp\/v2\/product"}],"about":[{"href":"https:\/\/old.odiseimusic.com\/de\/wp-json\/wp\/v2\/types\/product"}],"replies":[{"embeddable":true,"href":"https:\/\/old.odiseimusic.com\/de\/wp-json\/wp\/v2\/comments?post=22638"}],"wp:featuredmedia":[{"embeddable":true,"href":"https:\/\/old.odiseimusic.com\/de\/wp-json\/wp\/v2\/media\/25833"}],"wp:attachment":[{"href":"https:\/\/old.odiseimusic.com\/de\/wp-json\/wp\/v2\/media?parent=22638"}],"wp:term":[{"taxonomy":"product_brand","embeddable":true,"href":"https:\/\/old.odiseimusic.com\/de\/wp-json\/wp\/v2\/product_brand?post=22638"},{"taxonomy":"product_cat","embeddable":true,"href":"https:\/\/old.odiseimusic.com\/de\/wp-json\/wp\/v2\/product_cat?post=22638"},{"taxonomy":"product_tag","embeddable":true,"href":"https:\/\/old.odiseimusic.com\/de\/wp-json\/wp\/v2\/product_tag?post=22638"}],"curies":[{"name":"wp","href":"https:\/\/api.w.org\/{rel}","templated":true}]}}