{"id":26128,"date":"2024-09-03T15:27:30","date_gmt":"2024-09-03T13:27:30","guid":{"rendered":"https:\/\/odisei.presspulp.com\/?post_type=product&#038;p=26128"},"modified":"2025-12-23T09:48:40","modified_gmt":"2025-12-23T08:48:40","slug":"reisehalter","status":"publish","type":"product","link":"https:\/\/old.odiseimusic.com\/de\/products\/travel-holder\/","title":{"rendered":"Reisehalter"},"content":{"rendered":"<p><span style=\"font-weight: 400;\">Die <\/span><b>TRAVEL HOLDER<\/b><span style=\"font-weight: 400;\"> Gurt von <\/span><b>ODISEI MUSIC<\/b><span style=\"font-weight: 400;\"> wurde entwickelt, um maximalen Komfort und Haltbarkeit zu bieten. Er besteht aus Mikrofaserleder und Neopren und ist mit einem Karabiner aus einer Zinklegierung ausgestattet, was ihn perfekt f\u00fcr den t\u00e4glichen und stilvollen Gebrauch macht.<\/span><\/p>\n<p><b>Pflege:<\/b><span style=\"font-weight: 400;\"> Reinige sie mit einem feuchten Tuch und vermeide l\u00e4ngeren Kontakt mit Wasser, um die Qualit\u00e4t der Materialien zu erhalten.<\/span><\/p>\n<p><span style=\"font-weight: 400;\">Unter <\/span><b>Odisei Musik<\/b><span style=\"font-weight: 400;\">Wir glauben an die Verschmelzung von Musik und Technologie, deshalb haben wir die <\/span><b>Travel Sax<\/b><span style=\"font-weight: 400;\">: das kleinste und leichteste elektronische Saxophon der Welt. Unser Ziel ist es, Musik in jeden Winkel der Erde zu bringen, damit Musikerinnen und Musiker unabh\u00e4ngig von Ort und Zeit weiter \u00fcben und kreativ sein k\u00f6nnen. Mit dem <\/span><b>TRAVEL HOLDER<\/b><span style=\"font-weight: 400;\">Deine Leidenschaft f\u00fcr Musik wird immer in Reichweite sein, bereit, dich bei jedem Abenteuer zu begleiten.\u00a0<\/span><\/p>\n<p><b>Warnungen:<\/b><span style=\"font-weight: 400;\"> Von Feuer und scharfen Gegenst\u00e4nden fernhalten, um Sch\u00e4den zu vermeiden. Nicht in Wasser eintauchen.<\/span><\/p>\n<p>Mehr Informationen findest du in den Videos unten:<\/p>\n<p><a class=\"button\" href=\"https:\/\/www.youtube.com\/watch?v=4sIKaxPO7yM\" target=\"_blank\" rel=\"noopener\"> So stellst du den Reisehalter ein - englische Version<\/a> -<\/p>\n<p><iframe loading=\"lazy\" title=\"So stellst du den Reisehalter ein\" width=\"500\" height=\"281\" src=\"https:\/\/www.youtube.com\/embed\/4sIKaxPO7yM?feature=oembed\" frameborder=\"0\" allow=\"accelerometer; autoplay; clipboard-write; encrypted-media; gyroscope; picture-in-picture; web-share\" referrerpolicy=\"strict-origin-when-cross-origin\" allowfullscreen><\/iframe><\/p>\n<p><a class=\"button\" href=\"https:\/\/youtu.be\/0CWrhLXMIyE\" target=\"_blank\" rel=\"noopener\">C\u00f3mo ajustar el \"Travel Holder\" - Spanische Version<\/a><\/p>\n<p><iframe loading=\"lazy\" title=\"C\u00f3mo ajustar el &quot;Travel Holder&quot;\" width=\"500\" height=\"281\" src=\"https:\/\/www.youtube.com\/embed\/0CWrhLXMIyE?feature=oembed\" frameborder=\"0\" allow=\"accelerometer; autoplay; clipboard-write; encrypted-media; gyroscope; picture-in-picture; web-share\" referrerpolicy=\"strict-origin-when-cross-origin\" allowfullscreen><\/iframe><\/p>","protected":false},"excerpt":{"rendered":"<p><span style=\"font-weight: 400;\">Die <\/span><b>TRAVEL HOLDER<\/b><span style=\"font-weight: 400;\"> Gurt von <\/span><b>ODISEI MUSIC<\/b><span style=\"font-weight: 400;\"> wurde entwickelt, um maximalen Komfort und Haltbarkeit zu bieten. Er besteht aus Mikrofaserleder und Neopren und ist mit einem Karabiner aus einer Zinklegierung ausgestattet, was ihn perfekt f\u00fcr den t\u00e4glichen und stilvollen Gebrauch macht.<\/span><\/p>","protected":false},"featured_media":26129,"comment_status":"open","ping_status":"closed","template":"","meta":[],"product_brand":[],"product_cat":[2414],"product_tag":[2981],"class_list":{"0":"post-26128","1":"product","2":"type-product","3":"status-publish","4":"has-post-thumbnail","6":"product_cat-accessory","7":"product_tag-travel-sax","9":"first","10":"instock","11":"taxable","12":"shipping-taxable","13":"purchasable","14":"product-type-simple"},"meta_box":{"page_countdown":{"countdowntitle":"Limited Black Friday Offer","count_down_image":"36749","countdownbuttontext":"Save 100\u20ac NOW","count_down_ending_date":"2025-12-02 00:00","count_down_url":"https:\/\/old.odiseimusic.com\/products\/om-bundle-ts-accessory-pack-earphones\/"},"country_restriction":"No","usa_restriction":{"rest_btn_text":"Buy on Sweetwater","btn_url_rest":"https:\/\/www.sweetwater.com\/store\/manufacturer\/Odisei_Music?utm_source=odiseimusic&utm_medium=web&utm_campaign=odiseimusic"},"faqs_group":[]},"_links":{"self":[{"href":"https:\/\/old.odiseimusic.com\/de\/wp-json\/wp\/v2\/product\/26128","targetHints":{"allow":["GET"]}}],"collection":[{"href":"https:\/\/old.odiseimusic.com\/de\/wp-json\/wp\/v2\/product"}],"about":[{"href":"https:\/\/old.odiseimusic.com\/de\/wp-json\/wp\/v2\/types\/product"}],"replies":[{"embeddable":true,"href":"https:\/\/old.odiseimusic.com\/de\/wp-json\/wp\/v2\/comments?post=26128"}],"wp:featuredmedia":[{"embeddable":true,"href":"https:\/\/old.odiseimusic.com\/de\/wp-json\/wp\/v2\/media\/26129"}],"wp:attachment":[{"href":"https:\/\/old.odiseimusic.com\/de\/wp-json\/wp\/v2\/media?parent=26128"}],"wp:term":[{"taxonomy":"product_brand","embeddable":true,"href":"https:\/\/old.odiseimusic.com\/de\/wp-json\/wp\/v2\/product_brand?post=26128"},{"taxonomy":"product_cat","embeddable":true,"href":"https:\/\/old.odiseimusic.com\/de\/wp-json\/wp\/v2\/product_cat?post=26128"},{"taxonomy":"product_tag","embeddable":true,"href":"https:\/\/old.odiseimusic.com\/de\/wp-json\/wp\/v2\/product_tag?post=26128"}],"curies":[{"name":"wp","href":"https:\/\/api.w.org\/{rel}","templated":true}]}}