{"id":3415,"date":"2021-02-16T12:39:07","date_gmt":"2021-02-16T11:39:07","guid":{"rendered":"https:\/\/odisei.presspulp.com\/?post_type=product&#038;p=3415"},"modified":"2025-11-21T16:34:20","modified_gmt":"2025-11-21T15:34:20","slug":"streckhals","status":"publish","type":"product","link":"https:\/\/old.odiseimusic.com\/de\/products\/extensor-neck\/","title":{"rendered":"Verl\u00e4ngerter Hals (Travel Sax 2)"},"content":{"rendered":"<div>\n<h6><strong>Welche solltest du verwenden?<\/strong><\/h6>\n<p>Der Mundst\u00fcckhals, der Halsverl\u00e4ngerer und ein spezielles Mundst\u00fcck wurden entwickelt, um die Ergonomie zu verbessern und dein Travel Sax individuell zu gestalten. Sie k\u00f6nnen aneinander befestigt werden, bis zu 3 Zubeh\u00f6rteile zusammen, um deine \u00dcbungshaltung zu verbessern.<\/p>\n<\/div>\n<p><iframe loading=\"lazy\" title=\"Travel Sax-Zubeh\u00f6r - Welches sollte ich verwenden?\" width=\"500\" height=\"281\" src=\"https:\/\/www.youtube.com\/embed\/e4N3Zt_KFbg?feature=oembed\" frameborder=\"0\" allow=\"accelerometer; autoplay; clipboard-write; encrypted-media; gyroscope; picture-in-picture; web-share\" referrerpolicy=\"strict-origin-when-cross-origin\" allowfullscreen><\/iframe><\/p>\n<div>\n<p>Alle Travel Sax-Zubeh\u00f6rteile werden im Spritzgussverfahren hergestellt, aber das Odisei-Mundst\u00fcck ist aufgrund der komplexen Geometrie ein 3D-gedrucktes Teil.<\/p>\n<p style=\"text-align: left;\"><a class=\"button\" href=\"\/de\/shop\/\">Mehr Zubeh\u00f6r sehen<\/a><\/p>\n<\/div>\n<p>&nbsp;<\/p>\n<div>\n<h6><strong>Zubeh\u00f6rpaket<\/strong><\/h6>\n<p>Jedes Zubeh\u00f6rteil kann einzeln oder im Bundle gekauft werden. Das Zubeh\u00f6rpaket enth\u00e4lt: den gebogenen Hals, den Verl\u00e4ngerungshals und das Mundst\u00fcck. Du kannst auch einen zus\u00e4tzlichen Schl\u00fcsselsatz hinzuf\u00fcgen, wenn du dein Travel Sax noch individueller gestalten willst.<\/p>\n<p style=\"text-align: left;\"><a class=\"button\" href=\"\/de\/produkte\/zubehorpaket-reise-saxophon-2\/\">Hol das Paket<\/a><\/p>\n<\/div>\n<p>&nbsp;<\/p>\n<div>\n<h6><strong>Wie lange dauert die Lieferung?<\/strong><\/h6>\n<p>Je nachdem, was wir gerade auf Lager haben, kann die Lieferzeit etwa <strong>4-5 Arbeitstage <\/strong>nach dem Kauf deines Travel Sax. Du kannst uns f\u00fcr weitere Informationen kontaktieren.<\/p>\n<p>Bitte lesen Sie sorgf\u00e4ltig die <strong>Wichtige Details<\/strong> Abschnitt Anweisungen.<\/p>\n<\/div>","protected":false},"excerpt":{"rendered":"<p>Der verl\u00e4ngerte Hals verschafft dir mehr Abstand zwischen dem Mundst\u00fcck und deinen H\u00e4nden, was die Spielbarkeit komfortabler macht.<\/p>","protected":false},"featured_media":15391,"comment_status":"open","ping_status":"closed","template":"","meta":[],"product_brand":[],"product_cat":[2414,2677],"product_tag":[2981],"class_list":{"0":"post-3415","1":"product","2":"type-product","3":"status-publish","4":"has-post-thumbnail","6":"product_cat-accessory","7":"product_cat-odiseimusic-product","8":"product_tag-travel-sax","10":"first","11":"instock","12":"purchasable","13":"product-type-simple"},"meta_box":{"page_countdown":[],"country_restriction":"USA","usa_restriction":{"rest_btn_text":"Buy on Sweetwater","btn_url_rest":"https:\/\/www.sweetwater.com\/store\/detail\/TSAccsPk--odisei-music-travel-sax-2-accessory-pack?utm_source=odiseimusic&utm_medium=web&utm_campaign=odiseimusic"},"faqs_group":[]},"_links":{"self":[{"href":"https:\/\/old.odiseimusic.com\/de\/wp-json\/wp\/v2\/product\/3415","targetHints":{"allow":["GET"]}}],"collection":[{"href":"https:\/\/old.odiseimusic.com\/de\/wp-json\/wp\/v2\/product"}],"about":[{"href":"https:\/\/old.odiseimusic.com\/de\/wp-json\/wp\/v2\/types\/product"}],"replies":[{"embeddable":true,"href":"https:\/\/old.odiseimusic.com\/de\/wp-json\/wp\/v2\/comments?post=3415"}],"wp:featuredmedia":[{"embeddable":true,"href":"https:\/\/old.odiseimusic.com\/de\/wp-json\/wp\/v2\/media\/15391"}],"wp:attachment":[{"href":"https:\/\/old.odiseimusic.com\/de\/wp-json\/wp\/v2\/media?parent=3415"}],"wp:term":[{"taxonomy":"product_brand","embeddable":true,"href":"https:\/\/old.odiseimusic.com\/de\/wp-json\/wp\/v2\/product_brand?post=3415"},{"taxonomy":"product_cat","embeddable":true,"href":"https:\/\/old.odiseimusic.com\/de\/wp-json\/wp\/v2\/product_cat?post=3415"},{"taxonomy":"product_tag","embeddable":true,"href":"https:\/\/old.odiseimusic.com\/de\/wp-json\/wp\/v2\/product_tag?post=3415"}],"curies":[{"name":"wp","href":"https:\/\/api.w.org\/{rel}","templated":true}]}}