{"id":5695,"date":"2021-03-09T13:25:56","date_gmt":"2021-03-09T12:25:56","guid":{"rendered":"https:\/\/odisei.presspulp.com\/?post_type=product&#038;p=5695"},"modified":"2026-04-12T19:38:59","modified_gmt":"2026-04-12T17:38:59","slug":"zubehorpaket-reise-saxophon-2","status":"publish","type":"product","link":"https:\/\/old.odiseimusic.com\/de\/products\/accessory-pack-travel-sax-2\/","title":{"rendered":"Travel Sax Accessory Pack"},"content":{"rendered":"<div>\n<h6><strong>Welche solltest du verwenden?<\/strong><\/h6>\n<p>Der Mundst\u00fcckhals, der Halsverl\u00e4ngerer und ein spezielles Mundst\u00fcck wurden entwickelt, um die Ergonomie zu verbessern und dein Travel Sax individuell zu gestalten. Sie k\u00f6nnen aneinander befestigt werden, bis zu 3 Zubeh\u00f6rteile zusammen, um deine \u00dcbungshaltung zu verbessern.<\/p>\n<\/div>\n<p><iframe loading=\"lazy\" title=\"Travel Sax-Zubeh\u00f6r - Welches sollte ich verwenden?\" width=\"500\" height=\"281\" src=\"https:\/\/www.youtube.com\/embed\/e4N3Zt_KFbg?feature=oembed\" frameborder=\"0\" allow=\"accelerometer; autoplay; clipboard-write; encrypted-media; gyroscope; picture-in-picture; web-share\" referrerpolicy=\"strict-origin-when-cross-origin\" allowfullscreen><\/iframe><\/p>\n<p>&nbsp;<\/p>\n<div>\n<p>Alle Travel Sax-Zubeh\u00f6rteile werden im Spritzgussverfahren hergestellt, aber das Odisei-Mundst\u00fcck ist aufgrund der komplexen Geometrie ein 3D-gedrucktes Teil.<\/p>\n<p style=\"text-align: left;\"><a class=\"button\" href=\"\/de\/shop\/\">Mehr Zubeh\u00f6r sehen<\/a><\/p>\n<\/div>\n<p>&nbsp;<\/p>\n<div>\n<h6><strong>Wie lange dauert die Lieferung?<\/strong><\/h6>\n<p>Je nachdem, was wir gerade auf Lager haben, kann die Lieferzeit etwa <strong>4-5 Arbeitstage <\/strong>nach dem Kauf deines Travel Sax. Du kannst uns f\u00fcr weitere Informationen kontaktieren.<\/p>\n<p>Bitte lesen Sie sorgf\u00e4ltig die <strong>Wichtige Details<\/strong> Abschnitt Anweisungen.<\/p>\n<\/div>","protected":false},"excerpt":{"rendered":"<p><strong>Mundst\u00fcck-Hals<\/strong>: Er gibt deinem Mundst\u00fcck beim Spielen einen anderen Winkel, so dass deine Schultern in einer bequemeren Position ruhen und du l\u00e4nger spielen kannst. <span class=\"VIiyi\" lang=\"en\"><span class=\"JLqJ4b ChMk0b\" data-language-for-alternatives=\"en\" data-language-to-translate-into=\"es\" data-phrase-index=\"1\">3D-gedrucktes Accessoire.<\/span><\/span><\/p>\n<p><strong>Odisei Music Mundst\u00fcck<\/strong>: Dieses spezielle Mundst\u00fcck<span class=\"VIiyi\" lang=\"en\"><span class=\"JLqJ4b ChMk0b\" data-language-for-alternatives=\"en\" data-language-to-translate-into=\"es\" data-phrase-index=\"0\"> gibt dir viel mehr Kontrolle \u00fcber den Luftstrom, wenn du das Travel Sax benutzt, dank der zwei kleinen L\u00f6cher im Mundst\u00fcck, durch die die Luft str\u00f6mt.<\/span>\u00a0<span class=\"JLqJ4b ChMk0b\" data-language-for-alternatives=\"en\" data-language-to-translate-into=\"es\" data-phrase-index=\"1\">So kannst du den Fluss leichter mit deiner Zunge kontrollieren. 3D-gedrucktes Zubeh\u00f6r.<\/span><\/span><\/p>\n<p><strong>Strecker Hals<\/strong>: Dieses Zubeh\u00f6rteil verschafft dir mehr Abstand zwischen dem Mundst\u00fcck und deinen H\u00e4nden, was die Spielbarkeit angenehmer macht.<\/p>","protected":false},"featured_media":15385,"comment_status":"open","ping_status":"closed","template":"","meta":[],"product_brand":[],"product_cat":[2414,2677],"product_tag":[2981],"class_list":{"0":"post-5695","1":"product","2":"type-product","3":"status-publish","4":"has-post-thumbnail","6":"product_cat-accessory","7":"product_cat-odiseimusic-product","8":"product_tag-travel-sax","10":"first","11":"instock","12":"purchasable","13":"product-type-simple"},"meta_box":{"page_countdown":{"countdowntitle":"Limited Black Friday Offer","count_down_image":"36749","countdownbuttontext":"Save 100\u20ac NOW","count_down_ending_date":"2025-12-02 00:00","count_down_url":"https:\/\/old.odiseimusic.com\/products\/om-bundle-ts-accessory-pack-earphones\/"},"country_restriction":"USA","usa_restriction":{"rest_btn_text":"Buy on Sweetwater","btn_url_rest":"https:\/\/www.sweetwater.com\/store\/detail\/TSAccsPk--odisei-music-travel-sax-2-accessory-pack?utm_source=odiseimusic&utm_medium=web&utm_campaign=odiseimusic"},"faqs_group":[]},"_links":{"self":[{"href":"https:\/\/old.odiseimusic.com\/de\/wp-json\/wp\/v2\/product\/5695","targetHints":{"allow":["GET"]}}],"collection":[{"href":"https:\/\/old.odiseimusic.com\/de\/wp-json\/wp\/v2\/product"}],"about":[{"href":"https:\/\/old.odiseimusic.com\/de\/wp-json\/wp\/v2\/types\/product"}],"replies":[{"embeddable":true,"href":"https:\/\/old.odiseimusic.com\/de\/wp-json\/wp\/v2\/comments?post=5695"}],"wp:featuredmedia":[{"embeddable":true,"href":"https:\/\/old.odiseimusic.com\/de\/wp-json\/wp\/v2\/media\/15385"}],"wp:attachment":[{"href":"https:\/\/old.odiseimusic.com\/de\/wp-json\/wp\/v2\/media?parent=5695"}],"wp:term":[{"taxonomy":"product_brand","embeddable":true,"href":"https:\/\/old.odiseimusic.com\/de\/wp-json\/wp\/v2\/product_brand?post=5695"},{"taxonomy":"product_cat","embeddable":true,"href":"https:\/\/old.odiseimusic.com\/de\/wp-json\/wp\/v2\/product_cat?post=5695"},{"taxonomy":"product_tag","embeddable":true,"href":"https:\/\/old.odiseimusic.com\/de\/wp-json\/wp\/v2\/product_tag?post=5695"}],"curies":[{"name":"wp","href":"https:\/\/api.w.org\/{rel}","templated":true}]}}