{"id":12791,"date":"2022-09-16T11:24:34","date_gmt":"2022-09-16T09:24:34","guid":{"rendered":"https:\/\/odisei.presspulp.com\/?post_type=product&#038;p=12791"},"modified":"2026-03-28T15:35:52","modified_gmt":"2026-03-28T14:35:52","slug":"viaje-adaptativo-sax","status":"publish","type":"product","link":"https:\/\/old.odiseimusic.com\/es\/products\/adaptative-travel-sax\/","title":{"rendered":"Adaptativo Travel Sax"},"content":{"rendered":"<h6><b>Qu\u00e9 se incluye con el Adaptativo Travel Sax 2.\u00a0<\/b><\/h6>\n<ul>\n<li style=\"font-weight: 400;\" aria-level=\"1\"><span style=\"font-weight: 400;\">Boquilla de contralto<\/span><\/li>\n<li style=\"font-weight: 400;\" aria-level=\"1\"><span style=\"font-weight: 400;\">Funda protectora Travel Sax<\/span><\/li>\n<li style=\"font-weight: 400;\" aria-level=\"1\"><span style=\"font-weight: 400;\">Bolsa de accesorios<\/span><\/li>\n<li style=\"font-weight: 400;\" aria-level=\"1\"><span style=\"font-weight: 400;\">Pa\u00f1o de microfibra<\/span><\/li>\n<\/ul>\n<ul>\n<li style=\"font-weight: 400;\" aria-level=\"1\"><span style=\"font-weight: 400;\">x3 Adaptadores de boquilla (Soprano, Tenor, Bar\u00edtono)<\/span><\/li>\n<li style=\"font-weight: 400;\" aria-level=\"1\"><span style=\"font-weight: 400;\">Cable de carga USB-C<\/span><\/li>\n<li aria-level=\"1\">Pedal y adaptador<\/li>\n<li aria-level=\"1\">Stand<\/li>\n<\/ul>\n<p>&nbsp;<\/p>\n<h6><b>\u00bfQu\u00e9 NO incluye el Adaptativo Travel Sax 2?<\/b><\/h6>\n<ul>\n<li style=\"font-weight: 400;\" aria-level=\"1\"><span style=\"font-weight: 400;\">Interruptor (<\/span><a href=\"https:\/\/www.logitechg.com\/en-gb\/products\/gamepads\/adaptive-gaming-kit-accessories.943-000339.html\" target=\"_blank\" rel=\"noopener\"><span style=\"font-weight: 400;\">1<\/span><\/a><span style=\"font-weight: 400;\">)<\/span><\/li>\n<li style=\"font-weight: 400;\" aria-level=\"1\"><span style=\"font-weight: 400;\">Soportes (<\/span><a href=\"https:\/\/www.thomann.de\/es\/manfrotto_035.htm\" target=\"_blank\" rel=\"noopener\"><span style=\"font-weight: 400;\">1<\/span><\/a><span style=\"font-weight: 400;\">,<\/span><a href=\"https:\/\/www.thomann.de\/nl\/manfrotto_196ab_2_single_arm_2_section.htm\" target=\"_blank\" rel=\"noopener\"> <span style=\"font-weight: 400;\">2<\/span><\/a><span style=\"font-weight: 400;\">,<\/span><a href=\"https:\/\/www.thomann.de\/es\/manfrotto_147_adapter_spigot_3_8_1_4.htm\" target=\"_blank\" rel=\"noopener\"> <span style=\"font-weight: 400;\">3<\/span><\/a><span style=\"font-weight: 400;\">)<\/span><\/li>\n<\/ul>\n<p>&nbsp;<\/p>\n<p>&nbsp;<\/p>\n<h6><span style=\"font-weight: 400;\">Este instrumento es altamente personalizable para cualquier tipo de di<\/span><span style=\"font-weight: 400;\">sabilidad o limitaci\u00f3n f\u00edsica. Tambi\u00c3\u00a9n existe una versi\u00c3\u00b3n especial para personas con una fuerza muscular extremadamente baja, que cuenta con teclas de luz adicional. Mediante un interruptor (de pie) externo, tambi\u00e9n es posible tocar toda la gama de notas del Saxo con una sola mano, \"reasignando\" sus teclas, para proporcionar una colocaci\u00f3n de los dedos personalizable para los que tocan con una sola mano, tanto diestros como zurdos. En la aplicaci\u00f3n, hay muchos m\u00e1s ajustes que puedes cambiar, como la sensibilidad de la respiraci\u00f3n, para que las personas con una fuerza respiratoria limitada puedan seguir tocando el saxo. El Saxo se puede montar en un tr\u00edpode para que no sea necesario poder sujetarlo.<\/span><\/h6>\n<p>&nbsp;<\/p>\n<h6><span style=\"font-weight: 400;\">Este producto es el resultado de nuestro proyecto social apoyado por nuestra visi\u00f3n en Odisei Music; difundir la m\u00fasica y capacitar a los m\u00fasicos para aprender y crear m\u00fasica de forma inclusiva. Gracias a la colaboraci\u00f3n con My Breath My Music hemos podido desarrollar el primer Travel Sax adaptable para personas discapacitadas. Por otro lado, queremos ir un paso m\u00c3\u00a1s all\u00c3\u00a1 y contribuimos con una donaci\u00c3\u00b3n de 100\u00e2'\u00ac a la Fundaci\u00c3\u00b3n My Breath My Music, cada vez que se vende un Travel Sax adaptado. Con estas donaciones queremos contribuir a aumentar el apoyo a la investigaci\u00c3\u00b3n de nuevas formas de ayudar a las personas discapacitadas a crear y aprender m\u00c3\u00basica.<\/span><\/h6>\n<p>&nbsp;<\/p>\n<p>&nbsp;<\/p>\n<p><iframe loading=\"lazy\" title=\"Tatum speelt voor het eerst op de Adapted Travel Sax\" width=\"500\" height=\"281\" src=\"https:\/\/www.youtube.com\/embed\/1NG_zP6I_to?feature=oembed\" frameborder=\"0\" allow=\"accelerometer; autoplay; clipboard-write; encrypted-media; gyroscope; picture-in-picture; web-share\" referrerpolicy=\"strict-origin-when-cross-origin\" allowfullscreen><\/iframe><\/p>\n<h6><b>Paquete de accesorios<\/b><\/h6>\n<p><span style=\"font-weight: 400;\">Todos los accesorios pueden adquirirse por separado o en un paquete. El paquete de accesorios incluye: el cuello curvo, el cuello extensor y la boquilla. Tambi\u00e9n puedes a\u00f1adir un juego de llaves adicional si quieres personalizar a\u00fan m\u00e1s tu Travel Sax.<\/span><\/p>\n<p>&nbsp;<\/p>\n<h6><a href=\"\/es\/productos\/paquete-de-accesorios-saxo-de-viaje-2\/\"><span style=\"font-weight: 400;\">Consigue el pack<\/span><\/a><\/h6>\n<p>&nbsp;<\/p>\n<h6><b>\u00bfCu\u00e1l es el plazo de entrega?<\/b><\/h6>\n<p><span style=\"font-weight: 400;\">Dependiendo de las existencias que tengamos en ese momento, el plazo de entrega puede ser de aproximadamente <\/span><b>4-5 d\u00edas laborables <\/b><span style=\"font-weight: 400;\">despu\u00e9s de la compra de tu Travel Sax. Puedes ponerte en contacto con nosotros para obtener m\u00e1s informaci\u00f3n.<\/span><\/p>\n<p>&nbsp;<\/p>\n<p>&nbsp;<\/p>\n<h6><span style=\"font-weight: 400;\">Lee atentamente el <\/span><b>Detalles importantes<\/b><span style=\"font-weight: 400;\"> secci\u00f3n instrucciones.<\/span><\/h6>\n<p>&nbsp;<\/p>","protected":false},"excerpt":{"rendered":"<p>El Travel Sax 2 Adaptativo forma parte de nuestro proyecto social con <a href=\"https:\/\/mybreathmymusic.com\/en\/adaptive-travel-sax\" target=\"_blank\" rel=\"noopener\">Fundaci\u00f3n Mi Aliento Mi M\u00fasica<\/a>. El objetivo de este proyecto es adaptar el Travel Sax para que cualquier persona que tenga alg\u00fan tipo de discapacidad pueda disfrutar del poder de tocar y aprender m\u00fasica utilizando este gran instrumento.<\/p>","protected":false},"featured_media":16359,"comment_status":"open","ping_status":"closed","template":"","meta":[],"product_brand":[],"product_cat":[2506,2677],"product_tag":[],"class_list":{"0":"post-12791","1":"product","2":"type-product","3":"status-publish","4":"has-post-thumbnail","6":"product_cat-adaptative-travel-sax","7":"product_cat-odiseimusic-product","9":"first","10":"instock","11":"purchasable","12":"product-type-variable","13":"has-default-attributes"},"meta_box":{"page_countdown":[],"country_restriction":"USA","usa_restriction":{"rest_btn_text":"Buy at Sweetwater","btn_url_rest":"https:\/\/www.sweetwater.com\/store\/detail\/TravelSax2--odisei-music-travel-sax-2-wind-synth-controller?utm_source=odiseimusic&utm_medium=web&utm_campaign=odiseimusic"},"faqs_group":[]},"_links":{"self":[{"href":"https:\/\/old.odiseimusic.com\/es\/wp-json\/wp\/v2\/product\/12791","targetHints":{"allow":["GET"]}}],"collection":[{"href":"https:\/\/old.odiseimusic.com\/es\/wp-json\/wp\/v2\/product"}],"about":[{"href":"https:\/\/old.odiseimusic.com\/es\/wp-json\/wp\/v2\/types\/product"}],"replies":[{"embeddable":true,"href":"https:\/\/old.odiseimusic.com\/es\/wp-json\/wp\/v2\/comments?post=12791"}],"wp:featuredmedia":[{"embeddable":true,"href":"https:\/\/old.odiseimusic.com\/es\/wp-json\/wp\/v2\/media\/16359"}],"wp:attachment":[{"href":"https:\/\/old.odiseimusic.com\/es\/wp-json\/wp\/v2\/media?parent=12791"}],"wp:term":[{"taxonomy":"product_brand","embeddable":true,"href":"https:\/\/old.odiseimusic.com\/es\/wp-json\/wp\/v2\/product_brand?post=12791"},{"taxonomy":"product_cat","embeddable":true,"href":"https:\/\/old.odiseimusic.com\/es\/wp-json\/wp\/v2\/product_cat?post=12791"},{"taxonomy":"product_tag","embeddable":true,"href":"https:\/\/old.odiseimusic.com\/es\/wp-json\/wp\/v2\/product_tag?post=12791"}],"curies":[{"name":"wp","href":"https:\/\/api.w.org\/{rel}","templated":true}]}}