{"id":5695,"date":"2021-03-09T13:25:56","date_gmt":"2021-03-09T12:25:56","guid":{"rendered":"https:\/\/odisei.presspulp.com\/?post_type=product&#038;p=5695"},"modified":"2026-04-12T19:38:59","modified_gmt":"2026-04-12T17:38:59","slug":"paquete-de-accesorios-saxo-de-viaje-2","status":"publish","type":"product","link":"https:\/\/old.odiseimusic.com\/es\/products\/accessory-pack-travel-sax-2\/","title":{"rendered":"Travel Sax Paquete de accesorios"},"content":{"rendered":"<div>\n<h6><strong>\u00bfCu\u00e1l debes utilizar?<\/strong><\/h6>\n<p>El cuello de la boquilla, el extensor de cuello y una boquilla especial se han dise\u00f1ado para aumentar la ergonom\u00eda y personalizar tu Travel Sax. Se pueden acoplar entre s\u00ed, hasta 3 accesorios juntos, para mejorar tu postura de pr\u00e1ctica.<\/p>\n<\/div>\n<p><iframe loading=\"lazy\" title=\"Accesorios Travel Sax - \u00bfCu\u00e1l debo utilizar?\" width=\"500\" height=\"281\" src=\"https:\/\/www.youtube.com\/embed\/e4N3Zt_KFbg?feature=oembed\" frameborder=\"0\" allow=\"accelerometer; autoplay; clipboard-write; encrypted-media; gyroscope; picture-in-picture; web-share\" referrerpolicy=\"strict-origin-when-cross-origin\" allowfullscreen><\/iframe><\/p>\n<p>&nbsp;<\/p>\n<div>\n<p>Todos los accesorios del Travel Sax se fabrican mediante moldeo por inyecci\u00f3n, pero la boquilla Odisei es una pieza impresa en 3D debido a su compleja geometr\u00eda.<\/p>\n<p style=\"text-align: left;\"><a class=\"button\" href=\"\/es\/tienda\/\">Ver m\u00e1s accesorios<\/a><\/p>\n<\/div>\n<p>&nbsp;<\/p>\n<div>\n<h6><strong>\u00bfCu\u00e1l es el plazo de entrega?<\/strong><\/h6>\n<p>Dependiendo de las existencias que tengamos en ese momento, el plazo de entrega puede ser de aproximadamente <strong>4-5 d\u00edas laborables <\/strong>despu\u00e9s de la compra de tu Travel Sax. Puedes ponerte en contacto con nosotros para obtener m\u00e1s informaci\u00f3n.<\/p>\n<p>Lee atentamente el <strong>Detalles importantes<\/strong> secci\u00f3n instrucciones.<\/p>\n<\/div>","protected":false},"excerpt":{"rendered":"<p><strong>Cuello de la boquilla<\/strong>: Dar\u00e1 un \u00e1ngulo diferente a tu boquilla al tocar, dejando que tus hombros descansen en una posici\u00f3n m\u00e1s c\u00f3moda que te permitir\u00e1 tocar m\u00e1s horas. <span class=\"VIiyi\" lang=\"en\"><span class=\"JLqJ4b ChMk0b\" data-language-for-alternatives=\"en\" data-language-to-translate-into=\"es\" data-phrase-index=\"1\">Accesorio impreso en 3D.<\/span><\/span><\/p>\n<p><strong>Boquilla Odisei Music<\/strong>: Esta boquilla especial<span class=\"VIiyi\" lang=\"en\"><span class=\"JLqJ4b ChMk0b\" data-language-for-alternatives=\"en\" data-language-to-translate-into=\"es\" data-phrase-index=\"0\"> te dar\u00e1 mucho m\u00e1s control del flujo de aire cuando utilices el Travel Sax gracias a los dos peque\u00f1os orificios de la boquilla por donde pasa el aire.<\/span>\u00a0<span class=\"JLqJ4b ChMk0b\" data-language-for-alternatives=\"en\" data-language-to-translate-into=\"es\" data-phrase-index=\"1\">Esto te permitir\u00e1 controlar el flujo m\u00e1s f\u00e1cilmente utilizando la lengua. Accesorio impreso en 3D.<\/span><\/span><\/p>\n<p><strong>Cuello extensor<\/strong>: Este accesorio te proporcionar\u00e1 m\u00e1s distancia entre la boquilla y tus manos, haciendo que la ejecuci\u00f3n sea m\u00e1s c\u00f3moda.<\/p>","protected":false},"featured_media":15385,"comment_status":"open","ping_status":"closed","template":"","meta":[],"product_brand":[],"product_cat":[2414,2677],"product_tag":[2981],"class_list":{"0":"post-5695","1":"product","2":"type-product","3":"status-publish","4":"has-post-thumbnail","6":"product_cat-accessory","7":"product_cat-odiseimusic-product","8":"product_tag-travel-sax","10":"first","11":"instock","12":"purchasable","13":"product-type-simple"},"meta_box":{"page_countdown":{"countdowntitle":"Limited Black Friday Offer","count_down_image":"36749","countdownbuttontext":"Save 100\u20ac NOW","count_down_ending_date":"2025-12-02 00:00","count_down_url":"https:\/\/old.odiseimusic.com\/products\/om-bundle-ts-accessory-pack-earphones\/"},"country_restriction":"USA","usa_restriction":{"rest_btn_text":"Buy on Sweetwater","btn_url_rest":"https:\/\/www.sweetwater.com\/store\/detail\/TSAccsPk--odisei-music-travel-sax-2-accessory-pack?utm_source=odiseimusic&utm_medium=web&utm_campaign=odiseimusic"},"faqs_group":[]},"_links":{"self":[{"href":"https:\/\/old.odiseimusic.com\/es\/wp-json\/wp\/v2\/product\/5695","targetHints":{"allow":["GET"]}}],"collection":[{"href":"https:\/\/old.odiseimusic.com\/es\/wp-json\/wp\/v2\/product"}],"about":[{"href":"https:\/\/old.odiseimusic.com\/es\/wp-json\/wp\/v2\/types\/product"}],"replies":[{"embeddable":true,"href":"https:\/\/old.odiseimusic.com\/es\/wp-json\/wp\/v2\/comments?post=5695"}],"wp:featuredmedia":[{"embeddable":true,"href":"https:\/\/old.odiseimusic.com\/es\/wp-json\/wp\/v2\/media\/15385"}],"wp:attachment":[{"href":"https:\/\/old.odiseimusic.com\/es\/wp-json\/wp\/v2\/media?parent=5695"}],"wp:term":[{"taxonomy":"product_brand","embeddable":true,"href":"https:\/\/old.odiseimusic.com\/es\/wp-json\/wp\/v2\/product_brand?post=5695"},{"taxonomy":"product_cat","embeddable":true,"href":"https:\/\/old.odiseimusic.com\/es\/wp-json\/wp\/v2\/product_cat?post=5695"},{"taxonomy":"product_tag","embeddable":true,"href":"https:\/\/old.odiseimusic.com\/es\/wp-json\/wp\/v2\/product_tag?post=5695"}],"curies":[{"name":"wp","href":"https:\/\/api.w.org\/{rel}","templated":true}]}}