{"id":33562,"date":"2025-05-29T17:19:13","date_gmt":"2025-05-29T15:19:13","guid":{"rendered":"https:\/\/odiseimusic.com\/?page_id=33562"},"modified":"2025-06-13T10:04:12","modified_gmt":"2025-06-13T08:04:12","slug":"commencer-tc","status":"publish","type":"page","link":"https:\/\/old.odiseimusic.com\/fr\/get-started-tc\/","title":{"rendered":"Commence avec le Travel Clarinet"},"content":{"rendered":"<h3 class=\"wp-block-heading\">Nous avons cr\u00e9\u00e9 une s\u00e9rie de vid\u00e9os pour te montrer comment profiter pleinement de ton Travel Clarinet et commencer par apprendre \u00e0 le faire fonctionner et \u00e0 l'entretenir.<\/h3>\n\n\n\n<div style=\"height:100px\" aria-hidden=\"true\" class=\"wp-block-spacer\"><\/div>\n\n\n\n<div class=\"wp-block-columns is-layout-flex wp-container-core-columns-is-layout-9d6595d7 wp-block-columns-is-layout-flex\">\n<div class=\"wp-block-column is-layout-flow wp-block-column-is-layout-flow\">\n<div class=\"wp-block-group j_padding_xl\"><div class=\"wp-block-group__inner-container is-layout-constrained wp-block-group-is-layout-constrained\">\n<h2 class=\"wp-block-heading\">Le Travel Clarinet<\/h2>\n\n\n\n<p>Dans cette vid\u00e9o, nous allons te montrer pas \u00e0 pas toutes les choses importantes que tu dois savoir avant de commencer \u00e0 utiliser ton Travel Clarinet.<\/p>\n\n\n\n<figure class=\"wp-block-embed is-type-video is-provider-youtube wp-block-embed-youtube wp-embed-aspect-16-9 wp-has-aspect-ratio\"><div class=\"wp-block-embed__wrapper\">\n<iframe loading=\"lazy\" title=\"Commence - Travel Clarinet\" width=\"500\" height=\"281\" src=\"https:\/\/www.youtube.com\/embed\/-A5EA9PGsrI?feature=oembed\" frameborder=\"0\" allow=\"accelerometer; autoplay; clipboard-write; encrypted-media; gyroscope; picture-in-picture; web-share\" referrerpolicy=\"strict-origin-when-cross-origin\" allowfullscreen><\/iframe>\n<\/div><\/figure>\n\n\n\n<ul class=\"wp-block-list\">\n<li>Qu'y a-t-il dans la bo\u00eete ?<\/li>\n\n\n\n<li>Prise et sortie de l'\u00e9tui<\/li>\n\n\n\n<li>Allumer et \u00e9teindre<\/li>\n\n\n\n<li>L'embout<\/li>\n\n\n\n<li>Bluetooth <\/li>\n\n\n\n<li>Entretien<\/li>\n\n\n\n<li>Chargement<\/li>\n<\/ul>\n<\/div><\/div>\n\n\n\n<div style=\"height:32px\" aria-hidden=\"true\" class=\"wp-block-spacer\"><\/div>\n<\/div>\n\n\n\n<div class=\"wp-block-column is-layout-flow wp-block-column-is-layout-flow\">\n<div class=\"wp-block-group j_padding_xl\"><div class=\"wp-block-group__inner-container is-layout-constrained wp-block-group-is-layout-constrained\">\n<h2 class=\"wp-block-heading\">\u00c0 quoi s'attendre<\/h2>\n\n\n\n<p>Dans cette vid\u00e9o, tu apprendras \u00e0 utiliser le Travel Clarinet et d\u00e9couvriras toutes les fonctionnalit\u00e9s auxquelles tu auras acc\u00e8s.<\/p>\n\n\n\n<figure class=\"wp-block-embed is-type-video is-provider-youtube wp-block-embed-youtube wp-embed-aspect-16-9 wp-has-aspect-ratio\"><div class=\"wp-block-embed__wrapper\">\n<iframe loading=\"lazy\" title=\"Ce que tu peux attendre du Travel Clarinet, directement de son cr\u00e9ateur !\" width=\"500\" height=\"281\" src=\"https:\/\/www.youtube.com\/embed\/ZXoEWnl9_ds?feature=oembed\" frameborder=\"0\" allow=\"accelerometer; autoplay; clipboard-write; encrypted-media; gyroscope; picture-in-picture; web-share\" referrerpolicy=\"strict-origin-when-cross-origin\" allowfullscreen><\/iframe>\n<\/div><\/figure>\n\n\n\n<ul class=\"wp-block-list\">\n<li>Branche ton Travel Clarinet 2<\/li>\n\n\n\n<li>Sons<\/li>\n\n\n\n<li>Connexion BT<\/li>\n\n\n\n<li>Sons<\/li>\n\n\n\n<li>Application mobile<\/li>\n\n\n\n<li>Raccourcis<\/li>\n\n\n\n<li>Configuration<\/li>\n\n\n\n<li>Acc\u00e9l\u00e9rom\u00e8tre<br><\/li>\n<\/ul>\n<\/div><\/div>\n<\/div>\n<\/div>\n\n\n\n<h2 class=\"wp-block-heading has-text-align-center\">T\u00e9l\u00e9charger le manuel d'utilisation<\/h2>\n\n\n\n<div style=\"height:32px\" aria-hidden=\"true\" class=\"wp-block-spacer\"><\/div>\n\n\n\n<div class=\"wp-block-buttons is-content-justification-center is-layout-flex wp-container-core-buttons-is-layout-16018d1d wp-block-buttons-is-layout-flex\">\n<div class=\"wp-block-button\"><a class=\"wp-block-button__link has-background has-medium-font-size has-custom-font-size wp-element-button\" href=\"https:\/\/old.odiseimusic.com\/wp-content\/uploads\/2025\/06\/Travel-Clarinet-manual-english.pdf\" style=\"border-radius:11px;background-color:#05a389\" target=\"_blank\" rel=\"noreferrer noopener\">T\u00e9l\u00e9charger<\/a><\/div>\n<\/div>\n\n\n\n<p><a href=\"https:\/\/old.odiseimusic.com\/wp-content\/uploads\/2025\/06\/Travel-Clarinet-manual-spanish.pdf\" target=\"_blank\" rel=\"noreferrer noopener\">Manual de usuario (Espa\u00f1ol)<\/a><\/p>\n\n\n\n<p><a href=\"https:\/\/old.odiseimusic.com\/wp-content\/uploads\/2025\/06\/Travel-Clarinet-manual-deutsch.pdf\" target=\"_blank\" rel=\"noreferrer noopener\">Bedienungsanleitung (Deutsche)<\/a><\/p>\n\n\n\n<p><a href=\"https:\/\/old.odiseimusic.com\/wp-content\/uploads\/2025\/06\/Travel-Clarinet-manual-french.pdf\" target=\"_blank\" rel=\"noreferrer noopener\">Manuel de l'utilisateur (Fran\u00e7ais)<\/a><\/p>\n\n\n\n<p><a href=\"https:\/\/old.odiseimusic.com\/wp-content\/uploads\/2025\/06\/Travel-Clarinet-manual-italian.pdf\" target=\"_blank\" rel=\"noreferrer noopener\">Manuale utente (Italiano)<\/a><\/p>\n\n\n\n<p><a href=\"https:\/\/old.odiseimusic.com\/wp-content\/uploads\/2025\/06\/Travel-Clarinet-manual-japanese.pdf\" target=\"_blank\" rel=\"noreferrer noopener\">\u53d6\u6271\u8aac\u660e\u66f8 (japonais)<\/a><\/p>\n\n\n\n<p><a href=\"https:\/\/old.odiseimusic.com\/wp-content\/uploads\/2025\/05\/Travel-Clarinet-manual-PORTUGUESE.pdf\" target=\"_blank\" rel=\"noreferrer noopener\">Manual do usu\u00e1rio (portugais)<\/a><\/p>\n\n\n\n<p><a href=\"https:\/\/old.odiseimusic.com\/wp-content\/uploads\/2025\/06\/Travel-Clarinet-manual-neerlanden.pdf\" target=\"_blank\" rel=\"noreferrer noopener\">Gestion des d\u00e9chets (Neerlanden)<\/a><\/p>\n\n\n\n<p><a href=\"https:\/\/old.odiseimusic.com\/wp-content\/uploads\/2025\/06\/Travel-Clarinet-manual-chinese.pdf\" target=\"_blank\" rel=\"noreferrer noopener\">\u4f7f\u7528\u8005\u624b\u518a (chinois)<\/a><\/p>\n\n\n\n<div style=\"height:100px\" aria-hidden=\"true\" class=\"wp-block-spacer\"><\/div>\n\n\n\n<div class=\"wp-block-columns is-layout-flex wp-container-core-columns-is-layout-9d6595d7 wp-block-columns-is-layout-flex\">\n<div class=\"wp-block-column is-layout-flow wp-block-column-is-layout-flow\">\n<h2 class=\"wp-block-heading\">Joue sur le pouce !<\/h2>\n\n\n\n<div style=\"height:32px\" aria-hidden=\"true\" class=\"wp-block-spacer\"><\/div>\n\n\n\n<h3 class=\"wp-block-heading\">Plus de fonctions. Plus puissant.<\/h3>\n\n\n\n<div style=\"height:32px\" aria-hidden=\"true\" class=\"wp-block-spacer\"><\/div>\n\n\n\n<ul class=\"wp-block-list\">\n<li>Choisis parmi plus de 50 sons diff\u00e9rents.<\/li>\n\n\n\n<li>Applique, modifie les effets sonores et personnalise les sons.<\/li>\n\n\n\n<li>Personnalise ton propre doigt\u00e9.<\/li>\n\n\n\n<li>Fais le suivi de ta routine d'entra\u00eenement quotidienne et hebdomadaire.<\/li>\n<\/ul>\n\n\n\n<div style=\"height:47px\" aria-hidden=\"true\" class=\"wp-block-spacer\"><\/div>\n\n\n\n<p>Disponible d\u00e8s maintenant sur l'App Store et Google Play.<\/p>\n\n\n\n<div style=\"height:32px\" aria-hidden=\"true\" class=\"wp-block-spacer\"><\/div>\n\n\n\n<div class=\"wp-block-columns is-layout-flex wp-container-core-columns-is-layout-9d6595d7 wp-block-columns-is-layout-flex\">\n<div class=\"wp-block-column is-layout-flow wp-block-column-is-layout-flow\">\n<figure class=\"wp-block-image\"><a href=\"https:\/\/apps.apple.com\/us\/app\/travelsax-2\/id1643520077\" target=\"_blank\" rel=\"noopener\"><img decoding=\"async\" src=\"https:\/\/old.odiseimusic.com\/wp-content\/uploads\/2022\/09\/AppStore.webp\" alt=\"\"\/><\/a><\/figure>\n<\/div>\n\n\n\n<div class=\"wp-block-column is-layout-flow wp-block-column-is-layout-flow\">\n<figure class=\"wp-block-image\"><a href=\"https:\/\/play.google.com\/store\/apps\/details?id=com.travelsaxv2&amp;hl=en\" target=\"_blank\" rel=\"noopener\"><img decoding=\"async\" src=\"https:\/\/old.odiseimusic.com\/wp-content\/uploads\/2022\/09\/Google-Play.webp\" alt=\"\"\/><\/a><\/figure>\n<\/div>\n<\/div>\n<\/div>\n\n\n\n<div class=\"wp-block-column is-layout-flow wp-block-column-is-layout-flow\">\n<figure class=\"wp-block-image size-large is-style-default\"><img decoding=\"async\" src=\"https:\/\/old.odiseimusic.com\/wp-content\/uploads\/2025\/05\/PHOTOSHOP-TC.png\" alt=\"\" style=\"object-fit:cover\"\/><\/figure>\n<\/div>\n<\/div>","protected":false},"excerpt":{"rendered":"<p>We have created a serie of videos to show you how to take full advantage of your Travel Clarinet and get started by learning how to operate and maintain it. The Travel Clarinet In this video we will show you step by step all the important things you should know before starting to use your [&hellip;]<\/p>\n","protected":false},"author":197381754,"featured_media":0,"parent":0,"menu_order":0,"comment_status":"closed","ping_status":"closed","template":"","meta":{"footnotes":""},"page-type":[],"class_list":["post-33562","page","type-page","status-publish","hentry"],"meta_box":{"page_countdown":[],"lp_faq":[],"image_vert":[],"image_hori":[],"h_larg_product_slider":[]},"_links":{"self":[{"href":"https:\/\/old.odiseimusic.com\/fr\/wp-json\/wp\/v2\/pages\/33562","targetHints":{"allow":["GET"]}}],"collection":[{"href":"https:\/\/old.odiseimusic.com\/fr\/wp-json\/wp\/v2\/pages"}],"about":[{"href":"https:\/\/old.odiseimusic.com\/fr\/wp-json\/wp\/v2\/types\/page"}],"author":[{"embeddable":true,"href":"https:\/\/old.odiseimusic.com\/fr\/wp-json\/wp\/v2\/users\/197381754"}],"replies":[{"embeddable":true,"href":"https:\/\/old.odiseimusic.com\/fr\/wp-json\/wp\/v2\/comments?post=33562"}],"version-history":[{"count":0,"href":"https:\/\/old.odiseimusic.com\/fr\/wp-json\/wp\/v2\/pages\/33562\/revisions"}],"wp:attachment":[{"href":"https:\/\/old.odiseimusic.com\/fr\/wp-json\/wp\/v2\/media?parent=33562"}],"wp:term":[{"taxonomy":"page-type","embeddable":true,"href":"https:\/\/old.odiseimusic.com\/fr\/wp-json\/wp\/v2\/page-type?post=33562"}],"curies":[{"name":"wp","href":"https:\/\/api.w.org\/{rel}","templated":true}]}}