{"id":5695,"date":"2021-03-09T13:25:56","date_gmt":"2021-03-09T12:25:56","guid":{"rendered":"https:\/\/odisei.presspulp.com\/?post_type=product&#038;p=5695"},"modified":"2026-04-12T19:38:59","modified_gmt":"2026-04-12T17:38:59","slug":"pack-daccessoires-travel-sax-2","status":"publish","type":"product","link":"https:\/\/old.odiseimusic.com\/fr\/products\/accessory-pack-travel-sax-2\/","title":{"rendered":"Travel Sax Pack d'accessoires"},"content":{"rendered":"<div>\n<h6><strong>Lequel dois-tu utiliser ?<\/strong><\/h6>\n<p>Le cou de l'embouchure, l'extenseur de cou et une embouchure sp\u00e9ciale ont \u00e9t\u00e9 con\u00e7us pour augmenter l'ergonomie et personnaliser ton le Travel Sax. Ils peuvent \u00eatre attach\u00e9s les uns aux autres, jusqu'\u00e0 3 accessoires ensemble, pour am\u00e9liorer ta posture de pratique.<\/p>\n<\/div>\n<p><iframe loading=\"lazy\" title=\"Accessoires Travel Sax - Que dois-je utiliser ?\" width=\"500\" height=\"281\" src=\"https:\/\/www.youtube.com\/embed\/e4N3Zt_KFbg?feature=oembed\" frameborder=\"0\" allow=\"accelerometer; autoplay; clipboard-write; encrypted-media; gyroscope; picture-in-picture; web-share\" referrerpolicy=\"strict-origin-when-cross-origin\" allowfullscreen><\/iframe><\/p>\n<p>&nbsp;<\/p>\n<div>\n<p>Tous les accessoires Travel Sax sont fabriqu\u00e9s par moulage par injection, mais l'embout Odisei est une pi\u00e8ce imprim\u00e9e en 3D en raison d'une g\u00e9om\u00e9trie complexe.<\/p>\n<p style=\"text-align: left;\"><a class=\"button\" href=\"\/fr\/boutique\/\">Voir plus d'accessoires<\/a><\/p>\n<\/div>\n<p>&nbsp;<\/p>\n<div>\n<h6><strong>Quel est le d\u00e9lai de livraison ?<\/strong><\/h6>\n<p>Selon le stock que nous avons en ce moment, le d\u00e9lai de livraison peut \u00eatre d'environ... <strong>4-5 jours ouvrables <\/strong>apr\u00e8s l'achat de ton Travel Sax. Tu peux nous contacter pour plus d'informations.<\/p>\n<p>Lis attentivement le <strong>D\u00e9tails importants<\/strong> section des instructions.<\/p>\n<\/div>","protected":false},"excerpt":{"rendered":"<p><strong>Col de l'embout<\/strong>: Il donnera un angle diff\u00e9rent \u00e0 ton embouchure lorsque tu joues, laissant tes \u00e9paules reposer dans une position plus confortable qui te permettra de jouer plus d'heures. <span class=\"VIiyi\" lang=\"en\"><span class=\"JLqJ4b ChMk0b\" data-language-for-alternatives=\"en\" data-language-to-translate-into=\"es\" data-phrase-index=\"1\">Accessoire imprim\u00e9 en 3D.<\/span><\/span><\/p>\n<p><strong>Embout Odisei Music<\/strong>: Cet embout sp\u00e9cial<span class=\"VIiyi\" lang=\"en\"><span class=\"JLqJ4b ChMk0b\" data-language-for-alternatives=\"en\" data-language-to-translate-into=\"es\" data-phrase-index=\"0\"> te permettra de mieux contr\u00f4ler le flux d'air lorsque tu utilises le Travel Sax gr\u00e2ce aux deux petits trous de l'embout par lesquels passe l'air.<\/span>\u00a0<span class=\"JLqJ4b ChMk0b\" data-language-for-alternatives=\"en\" data-language-to-translate-into=\"es\" data-phrase-index=\"1\">Cela te permettra de contr\u00f4ler le d\u00e9bit plus facilement \u00e0 l'aide de ta langue. Accessoire imprim\u00e9 en 3D.<\/span><\/span><\/p>\n<p><strong>Cou de l'extenseur<\/strong>: Cet accessoire te permettra d'avoir plus de distance entre l'embouchure et tes mains, ce qui rendra la jouabilit\u00e9 plus confortable.<\/p>","protected":false},"featured_media":15385,"comment_status":"open","ping_status":"closed","template":"","meta":[],"product_brand":[],"product_cat":[2414,2677],"product_tag":[2981],"class_list":{"0":"post-5695","1":"product","2":"type-product","3":"status-publish","4":"has-post-thumbnail","6":"product_cat-accessory","7":"product_cat-odiseimusic-product","8":"product_tag-travel-sax","10":"first","11":"instock","12":"purchasable","13":"product-type-simple"},"meta_box":{"page_countdown":{"countdowntitle":"Limited Black Friday Offer","count_down_image":"36749","countdownbuttontext":"Save 100\u20ac NOW","count_down_ending_date":"2025-12-02 00:00","count_down_url":"https:\/\/old.odiseimusic.com\/products\/om-bundle-ts-accessory-pack-earphones\/"},"country_restriction":"USA","usa_restriction":{"rest_btn_text":"Buy on Sweetwater","btn_url_rest":"https:\/\/www.sweetwater.com\/store\/detail\/TSAccsPk--odisei-music-travel-sax-2-accessory-pack?utm_source=odiseimusic&utm_medium=web&utm_campaign=odiseimusic"},"faqs_group":[]},"_links":{"self":[{"href":"https:\/\/old.odiseimusic.com\/fr\/wp-json\/wp\/v2\/product\/5695","targetHints":{"allow":["GET"]}}],"collection":[{"href":"https:\/\/old.odiseimusic.com\/fr\/wp-json\/wp\/v2\/product"}],"about":[{"href":"https:\/\/old.odiseimusic.com\/fr\/wp-json\/wp\/v2\/types\/product"}],"replies":[{"embeddable":true,"href":"https:\/\/old.odiseimusic.com\/fr\/wp-json\/wp\/v2\/comments?post=5695"}],"wp:featuredmedia":[{"embeddable":true,"href":"https:\/\/old.odiseimusic.com\/fr\/wp-json\/wp\/v2\/media\/15385"}],"wp:attachment":[{"href":"https:\/\/old.odiseimusic.com\/fr\/wp-json\/wp\/v2\/media?parent=5695"}],"wp:term":[{"taxonomy":"product_brand","embeddable":true,"href":"https:\/\/old.odiseimusic.com\/fr\/wp-json\/wp\/v2\/product_brand?post=5695"},{"taxonomy":"product_cat","embeddable":true,"href":"https:\/\/old.odiseimusic.com\/fr\/wp-json\/wp\/v2\/product_cat?post=5695"},{"taxonomy":"product_tag","embeddable":true,"href":"https:\/\/old.odiseimusic.com\/fr\/wp-json\/wp\/v2\/product_tag?post=5695"}],"curies":[{"name":"wp","href":"https:\/\/api.w.org\/{rel}","templated":true}]}}