{"id":11624,"date":"2022-09-02T18:47:44","date_gmt":"2022-09-02T16:47:44","guid":{"rendered":"https:\/\/odisei.presspulp.com\/?page_id=11624"},"modified":"2025-08-11T17:24:30","modified_gmt":"2025-08-11T15:24:30","slug":"la-nostra-storia","status":"publish","type":"page","link":"https:\/\/old.odiseimusic.com\/it\/our-story\/","title":{"rendered":"La nostra storia"},"content":{"rendered":"<div style=\"height:64px\" aria-hidden=\"true\" class=\"wp-block-spacer\"><\/div>\n\n\n\n<p class=\"has-text-align-center has-medium-font-size\"><strong>Odisei Music \u00e8 una giovane azienda che progetta e produce strumenti elettronici a fiato. Il nostro obiettivo \u00e8 diffondere la musica in tutto il mondo aiutando i musicisti a sviluppare le loro capacit\u00e0 musicali in modo pi\u00f9 semplice e veloce Siamo un team multidisciplinare con background diversi ma abbiamo tutti qualcosa in comune: \"Il nostro amore e la nostra passione per la musica\".<\/strong><\/p>\n\n\n\n<div style=\"height:64px\" aria-hidden=\"true\" class=\"wp-block-spacer\"><\/div>\n\n\n\n<figure class=\"wp-block-embed is-type-video is-provider-youtube wp-block-embed-youtube wp-embed-aspect-16-9 wp-has-aspect-ratio\"><div class=\"wp-block-embed__wrapper\">\n<iframe loading=\"lazy\" title=\"Odisei Music - La vera storia!\" width=\"500\" height=\"281\" src=\"https:\/\/www.youtube.com\/embed\/ybOfp9IWYvc?feature=oembed\" frameborder=\"0\" allow=\"accelerometer; autoplay; clipboard-write; encrypted-media; gyroscope; picture-in-picture; web-share\" referrerpolicy=\"strict-origin-when-cross-origin\" allowfullscreen><\/iframe>\n<\/div><\/figure>\n\n\n\n<div style=\"height:64px\" aria-hidden=\"true\" class=\"wp-block-spacer\"><\/div>\n\n\n\n<figure class=\"wp-block-pullquote has-medium-font-size\"><blockquote><p><em>\"Era un disastro cercare di esercitarmi con il corno in un piccolo appartamento. Davo cos\u00ec fastidio ai miei colleghi e ai vicini che ho dovuto iniziare a esercitarmi all'aperto, nei parchi. Ma quando arriv\u00f2 l'inverno, faceva troppo freddo per esercitarsi, cos\u00ec capii che dovevo creare qualcosa che mi aiutasse a esercitarmi sempre e ovunque\".<\/em><\/p><cite>Ram\u00f3n Ma\u00f1as<br>CEO di Odiseimusic<\/cite><\/blockquote><\/figure>\n\n\n\n<div class=\"wp-block-columns are-vertically-aligned-center is-layout-flex wp-container-core-columns-is-layout-9d6595d7 wp-block-columns-is-layout-flex\">\n<div class=\"wp-block-column is-vertically-aligned-center is-layout-flow wp-block-column-is-layout-flow\">\n<figure class=\"wp-block-image size-full\"><img decoding=\"async\" src=\"https:\/\/old.odiseimusic.com\/wp-content\/uploads\/2022\/10\/our_story_saxophonist.jpg\" alt=\"\" class=\"wp-image-15430\"\/><\/figure>\n<\/div>\n\n\n\n<div class=\"wp-block-column is-vertically-aligned-center j_padding_xl is-layout-flow wp-block-column-is-layout-flow\">\n<h2 class=\"wp-block-heading has-text-align-center has-large-font-size\">La nostra missione<\/h2>\n\n\n\n<div style=\"height:32px\" aria-hidden=\"true\" class=\"wp-block-spacer\"><\/div>\n\n\n\n<p class=\"has-text-align-center has-medium-font-size\">Da quel momento in poi, ci siamo ossessionati creando il sassofono elettronico pi\u00f9 piccolo e leggero al mondo, per aiutare i sassofonisti<strong>&nbsp;<\/strong>di esercitarsi e suonare in silenzio quando e dove vogliono senza disturbare gli altri<\/p>\n\n\n\n<div style=\"height:48px\" aria-hidden=\"true\" class=\"wp-block-spacer\"><\/div>\n\n\n\n<div class=\"wp-block-buttons is-content-justification-center is-layout-flex wp-container-core-buttons-is-layout-16018d1d wp-block-buttons-is-layout-flex\">\n<div class=\"wp-block-button\"><a class=\"wp-block-button__link has-background has-medium-font-size has-custom-font-size wp-element-button\" href=\"https:\/\/old.odiseimusic.com\/it\/sax-da-viaggio\/\" style=\"border-radius:11px;background-color:#05a389\">Conosci il Travel sax<\/a><\/div>\n<\/div>\n<\/div>\n<\/div>\n\n\n\n<div style=\"height:64px\" aria-hidden=\"true\" class=\"wp-block-spacer\"><\/div>\n\n\n\n<h2 class=\"wp-block-heading has-text-align-center\">Pietre miliari e premi<\/h2>\n\n\n\n<div class=\"wp-block-columns is-layout-flex wp-container-core-columns-is-layout-9d6595d7 wp-block-columns-is-layout-flex\">\n<div class=\"wp-block-column is-layout-flow wp-block-column-is-layout-flow\" style=\"flex-basis:25%\"><\/div>\n\n\n\n<div class=\"wp-block-column is-layout-flow wp-block-column-is-layout-flow\" style=\"flex-basis:50%\">\n<p class=\"has-text-align-center has-medium-font-size\">In oltre 3 anni di duro lavoro dell'intero team musicale Odisei, questi sono alcuni dei risultati pi\u00f9 rappresentativi.<\/p>\n<\/div>\n\n\n\n<div class=\"wp-block-column is-layout-flow wp-block-column-is-layout-flow\" style=\"flex-basis:25%\"><\/div>\n<\/div>\n\n\n\n<div style=\"height:48px\" aria-hidden=\"true\" class=\"wp-block-spacer\"><\/div>\n\n\n\n<div class=\"wp-block-columns has-text-color has-link-color wp-elements-3e28b42c55d9cf56be9a0812b259c28f is-layout-flex wp-container-core-columns-is-layout-9d6595d7 wp-block-columns-is-layout-flex\" style=\"color:#eeeded\">\n<div class=\"wp-block-column j_padding_xl is-layout-flow wp-block-column-is-layout-flow\">\n<figure class=\"wp-block-image size-full\"><img loading=\"lazy\" decoding=\"async\" width=\"600\" height=\"180\" src=\"https:\/\/old.odiseimusic.com\/wp-content\/uploads\/2022\/10\/lanzadera_logo.png\" alt=\"\" class=\"wp-image-14808\" srcset=\"https:\/\/old.odiseimusic.com\/wp-content\/uploads\/2022\/10\/lanzadera_logo.png 600w, https:\/\/old.odiseimusic.com\/wp-content\/uploads\/2022\/10\/lanzadera_logo-505x152.png 505w, https:\/\/old.odiseimusic.com\/wp-content\/uploads\/2022\/10\/lanzadera_logo-290x87.png 290w, https:\/\/old.odiseimusic.com\/wp-content\/uploads\/2022\/10\/lanzadera_logo-213x64.png 213w, https:\/\/old.odiseimusic.com\/wp-content\/uploads\/2022\/10\/lanzadera_logo-300x90.png 300w\" sizes=\"auto, (max-width: 600px) 100vw, 600px\" \/><figcaption class=\"wp-element-caption\">Vincitori di Les Arts Pro Startups 2021<\/figcaption><\/figure>\n<\/div>\n\n\n\n<div class=\"wp-block-column j_padding_xl is-layout-flow wp-block-column-is-layout-flow\">\n<figure class=\"wp-block-image size-full\"><img loading=\"lazy\" decoding=\"async\" width=\"600\" height=\"180\" src=\"https:\/\/old.odiseimusic.com\/wp-content\/uploads\/2022\/10\/bime_pro_logo.png\" alt=\"\" class=\"wp-image-14809\" srcset=\"https:\/\/old.odiseimusic.com\/wp-content\/uploads\/2022\/10\/bime_pro_logo.png 600w, https:\/\/old.odiseimusic.com\/wp-content\/uploads\/2022\/10\/bime_pro_logo-505x152.png 505w, https:\/\/old.odiseimusic.com\/wp-content\/uploads\/2022\/10\/bime_pro_logo-290x87.png 290w, https:\/\/old.odiseimusic.com\/wp-content\/uploads\/2022\/10\/bime_pro_logo-213x64.png 213w, https:\/\/old.odiseimusic.com\/wp-content\/uploads\/2022\/10\/bime_pro_logo-300x90.png 300w\" sizes=\"auto, (max-width: 600px) 100vw, 600px\" \/><figcaption class=\"wp-element-caption\">I vincitori di Bime Pro Startups<\/figcaption><\/figure>\n<\/div>\n\n\n\n<div class=\"wp-block-column j_padding_xl is-layout-flow wp-block-column-is-layout-flow\">\n<figure class=\"wp-block-image size-full\"><img loading=\"lazy\" decoding=\"async\" width=\"600\" height=\"180\" src=\"https:\/\/old.odiseimusic.com\/wp-content\/uploads\/2022\/10\/santander_explorer_logo.png\" alt=\"\" class=\"wp-image-14810\" srcset=\"https:\/\/old.odiseimusic.com\/wp-content\/uploads\/2022\/10\/santander_explorer_logo.png 600w, https:\/\/old.odiseimusic.com\/wp-content\/uploads\/2022\/10\/santander_explorer_logo-505x152.png 505w, https:\/\/old.odiseimusic.com\/wp-content\/uploads\/2022\/10\/santander_explorer_logo-290x87.png 290w, https:\/\/old.odiseimusic.com\/wp-content\/uploads\/2022\/10\/santander_explorer_logo-213x64.png 213w, https:\/\/old.odiseimusic.com\/wp-content\/uploads\/2022\/10\/santander_explorer_logo-300x90.png 300w\" sizes=\"auto, (max-width: 600px) 100vw, 600px\" \/><figcaption class=\"wp-element-caption\">Programma Accelerate di Santander<\/figcaption><\/figure>\n<\/div>\n\n\n\n<div class=\"wp-block-column j_padding_xl is-layout-flow wp-block-column-is-layout-flow\">\n<figure class=\"wp-block-image size-full\"><img loading=\"lazy\" decoding=\"async\" width=\"600\" height=\"180\" src=\"https:\/\/old.odiseimusic.com\/wp-content\/uploads\/2022\/10\/namm_logo.png\" alt=\"\" class=\"wp-image-14811\" srcset=\"https:\/\/old.odiseimusic.com\/wp-content\/uploads\/2022\/10\/namm_logo.png 600w, https:\/\/old.odiseimusic.com\/wp-content\/uploads\/2022\/10\/namm_logo-505x152.png 505w, https:\/\/old.odiseimusic.com\/wp-content\/uploads\/2022\/10\/namm_logo-290x87.png 290w, https:\/\/old.odiseimusic.com\/wp-content\/uploads\/2022\/10\/namm_logo-213x64.png 213w, https:\/\/old.odiseimusic.com\/wp-content\/uploads\/2022\/10\/namm_logo-300x90.png 300w\" sizes=\"auto, (max-width: 600px) 100vw, 600px\" \/><figcaption class=\"wp-element-caption\">Membri orgogliosi dal 2018<\/figcaption><\/figure>\n<\/div>\n<\/div>\n\n\n\n<p><\/p>","protected":false},"excerpt":{"rendered":"<p>Odisei Music is a young company that designs and manufactures electronic wind instruments. Our goal is to spread music around the world by helping musicians develop their music skills in a faster and easier way&nbsp;We are a multidisciplinary team with different backgrounds but we all have something in common: &#8220;Our love and passion for music&#8221; [&hellip;]<\/p>\n","protected":false},"author":197381732,"featured_media":0,"parent":0,"menu_order":0,"comment_status":"closed","ping_status":"closed","template":"","meta":{"footnotes":""},"page-type":[],"class_list":["post-11624","page","type-page","status-publish","hentry"],"meta_box":{"page_countdown":[],"lp_faq":[],"image_vert":[],"image_hori":[],"h_larg_product_slider":[]},"_links":{"self":[{"href":"https:\/\/old.odiseimusic.com\/it\/wp-json\/wp\/v2\/pages\/11624","targetHints":{"allow":["GET"]}}],"collection":[{"href":"https:\/\/old.odiseimusic.com\/it\/wp-json\/wp\/v2\/pages"}],"about":[{"href":"https:\/\/old.odiseimusic.com\/it\/wp-json\/wp\/v2\/types\/page"}],"author":[{"embeddable":true,"href":"https:\/\/old.odiseimusic.com\/it\/wp-json\/wp\/v2\/users\/197381732"}],"replies":[{"embeddable":true,"href":"https:\/\/old.odiseimusic.com\/it\/wp-json\/wp\/v2\/comments?post=11624"}],"version-history":[{"count":0,"href":"https:\/\/old.odiseimusic.com\/it\/wp-json\/wp\/v2\/pages\/11624\/revisions"}],"wp:attachment":[{"href":"https:\/\/old.odiseimusic.com\/it\/wp-json\/wp\/v2\/media?parent=11624"}],"wp:term":[{"taxonomy":"page-type","embeddable":true,"href":"https:\/\/old.odiseimusic.com\/it\/wp-json\/wp\/v2\/page-type?post=11624"}],"curies":[{"name":"wp","href":"https:\/\/api.w.org\/{rel}","templated":true}]}}